{"id":1874,"date":"2025-01-22T15:22:53","date_gmt":"2025-01-22T15:22:53","guid":{"rendered":"https:\/\/sandbox.popety.io\/analyse\/"},"modified":"2025-03-26T15:11:39","modified_gmt":"2025-03-26T15:11:39","slug":"analyse","status":"publish","type":"page","link":"http:\/\/sandbox.popety.io\/de\/loesungen\/analyse\/","title":{"rendered":"Analyse"},"content":{"rendered":"<!--themify_builder_content-->\n<div id=\"themify_builder_content-1874\" data-postid=\"1874\" class=\"themify_builder_content themify_builder_content-1874 themify_builder tf_clear\">\n                    <div  data-lazy=\"1\" class=\"module_row themify_builder_row tb_n0xl880 tb_first tf_w\">\n                        <div class=\"row_inner col_align_middle gutter-narrow tb_col_count_2 tf_box tf_rel\">\n                        <div  data-lazy=\"1\" class=\"module_column tb-column col4-2 tb_fgiq880 first\">\n                    <!-- module text -->\n<div  class=\"module module-text tb_zjo3880   \" data-lazy=\"1\">\n        <div  class=\"tb_text_wrap\">\n        <h1><span class=\"underline-style\">Analyse<\/span><\/h1>    <\/div>\n<\/div>\n<!-- \/module text -->        <div  data-lazy=\"1\" class=\"module_subrow themify_builder_sub_row tf_w col_align_top tb_col_count_2 tb_i5lc525\">\n                <div  data-lazy=\"1\" class=\"module_column sub_column col4-2 tb_kwpg525 first\">\n                    <!-- module image -->\n<div  class=\"module module-image tb_imhc691 image-top   tf_mw\" data-lazy=\"1\">\n        <div class=\"image-wrap tf_rel tf_mw\">\n            <img loading=\"lazy\" decoding=\"async\" src=\"http:\/\/sandbox.popety.io\/wp-content\/uploads\/2025\/01\/analyse-circle.svg\" width=\"200\" height=\"200\" class=\"wp-post-image wp-image-1762\" title=\"analyse-circle\" alt=\"analyse-circle\">    \n        <\/div>\n    <!-- \/image-wrap -->\n    \n        <\/div>\n<!-- \/module image -->        <\/div>\n                    <div  data-lazy=\"1\" class=\"module_column sub_column col4-2 tb_023p525 last\">\n                    <!-- module text -->\n<div  class=\"module module-text tb_mj5d585   \" data-lazy=\"1\">\n        <div  class=\"tb_text_wrap\">\n        <p>Identifizieren Sie einfach Grundst\u00fccke mit hohem Potenzial<br \/>f\u00fcr Ihre zuk\u00fcnftigen Projekte<\/p>    <\/div>\n<\/div>\n<!-- \/module text --><!-- module text -->\n<div  class=\"module module-text tb_f2lr883   \" data-lazy=\"1\">\n        <div  class=\"tb_text_wrap\">\n        <p><span style=\"color: #b35a4f;\">\u2714<\/span> Erkennen Sie schnell das Entwicklungspotenzial<br \/><span style=\"color: #b35a4f;\">\u2714<\/span> Pr\u00e4zise und umfassende Analysen<br \/><span style=\"color: #b35a4f;\">\u2714<\/span> Arbeiten Sie effektiv mit Ihrem Team zusammen<\/p>    <\/div>\n<\/div>\n<!-- \/module text -->        <\/div>\n                    <\/div>\n                <\/div>\n                    <div  data-lazy=\"1\" class=\"module_column tb-column col4-2 tb_9suu307 last\">\n        <span class=\"builder_row_cover tf_abs\"><\/span>            <!-- module text -->\n<div  class=\"module module-text tb_frz6154   \" data-lazy=\"1\">\n        <div  class=\"tb_text_wrap\">\n        <p style=\"text-align: center;\">F\u00fcr Sie gemacht, <br>die Sie&#8230;<\/p>    <\/div>\n<\/div>\n<!-- \/module text --><!-- module text -->\n<div  class=\"module module-text tb_imm2482   \" data-lazy=\"1\">\n        <div  class=\"tb_text_wrap\">\n        <p style=\"text-align: center;\">Bautr\u00e4ger<br>Immobilien<\/p>    <\/div>\n<\/div>\n<!-- \/module text --><!-- module image -->\n<div  class=\"module module-image tb_ifyn366 image-center   tf_mw\" data-lazy=\"1\">\n        <div class=\"image-wrap tf_rel tf_mw\">\n            <img loading=\"lazy\" decoding=\"async\" src=\"http:\/\/sandbox.popety.io\/wp-content\/uploads\/2025\/01\/promoteur.svg\" width=\"100\" height=\"101\" class=\"wp-post-image wp-image-1767\" title=\"promoteur\" alt=\"promoteur\">    \n        <\/div>\n    <!-- \/image-wrap -->\n    \n        <\/div>\n<!-- \/module image --><!-- module buttons -->\n<div  class=\"module module-buttons tb_68sy880 buttons-horizontal solid  small circle\" data-lazy=\"1\">\n        <div class=\"module-buttons-item tf_in_flx\">\n                        <a href=\"https:\/\/sandbox.popety.io\/de\/branchen\/immobilien-entwickler\/\" class=\"ui builder_button tf_in_flx tb_default_color\" >\n                                                Erfahrungsbericht und Fallstudie                                        <\/a>\n                <\/div>\n            <\/div>\n<!-- \/module buttons -->\n        <\/div>\n                        <\/div>\n        <\/div>\n                        <div  data-css_id=\"toqt146\" data-lazy=\"1\" class=\"module_row themify_builder_row fullwidth_row_container tb_toqt146 tf_w\">\n                        <div class=\"row_inner col_align_top tb_col_count_1 tf_box tf_rel\">\n                        <div  data-lazy=\"1\" class=\"module_column tb-column col-full tb_12x6146 first\">\n                    <!-- module text -->\n<div  class=\"module module-text tb_t0j5146   \" data-lazy=\"1\">\n        <div  class=\"tb_text_wrap\">\n        <p>&#8222;Mit Analyse erhalte ich einen klaren \u00dcberblick \u00fcber die Parzellen und Geb\u00e4ude, so dass ich die besten Gelegenheiten erkennen und fundierte Entscheidungen treffen kann. Ein unverzichtbares Werkzeug!&#8220;<\/p>\n    <\/div>\n<\/div>\n<!-- \/module text -->        <\/div>\n                        <\/div>\n        <\/div>\n                        <div  data-lazy=\"1\" class=\"module_row themify_builder_row tb_lwp1532 tf_w\">\n                        <div class=\"row_inner col_align_top tb_col_count_1 tf_box tf_rel\">\n                        <div  data-lazy=\"1\" class=\"module_column tb-column col-full tb_sj7z532 first\">\n                    <!-- module text -->\n<div  class=\"module module-text tb_7zsc532   \" data-lazy=\"1\">\n        <div  class=\"tb_text_wrap\">\n        <h2>Mit der <span class=\"underline-style\">Analyse<\/span> profitieren Sie von&#8230;<\/h2>    <\/div>\n<\/div>\n<!-- \/module text -->        <div  data-lazy=\"1\" class=\"module_subrow themify_builder_sub_row tf_w col_align_middle gutter-narrow tb_col_count_2 tb_9qiz875\">\n                <div  data-lazy=\"1\" class=\"module_column sub_column col4-2 tb_2dc1875 first\">\n                    <!-- module text -->\n<div  class=\"module module-text tb_rqtk532   \" data-lazy=\"1\">\n        <div  class=\"tb_text_wrap\">\n        <p><span style=\"color: #b35a4f;\">\u2714 <\/span>Verk\u00fcrzter Zeit f\u00fcr Feldanalysen \u2013 (Einsparung von bis zu 12 Stunden pro Projekt)<br \/><span style=\"color: #b35a4f;\">\u2714 <\/span>Fundiertere Entscheidungsgrundlagen \u2013 (\u00fcber 30 aggregierte Register in der Datenbank)<br \/><span style=\"color: #b35a4f;\">\u2714 <\/span>Einer zentralen Plattform f\u00fcr alle offiziellen Dokumente (Gemeindeverordnungen und Sonderpl\u00e4ne)<br \/><span style=\"color: #b35a4f;\">\u2714 <\/span>Effizienter und reibungsloser Zusammenarbeit<\/p>    <\/div>\n<\/div>\n<!-- \/module text -->        <\/div>\n                    <div  data-lazy=\"1\" class=\"module_column sub_column col4-2 tb_7cqm875 last\">\n                    <!-- module image pro -->\n<div  class=\"module module-pro-image tb_xrza875 filter- effect-zoomin fullwidth_image rounded tf_textc   entrance-effect-fadeIn\" data-lazy=\"1\" data-entrance-effect=\"fadeIn\" data-exit-effect=\"fadeOut\" >\n\t\n    <div class=\"image-pro-wrap tf_rel tf_overflow tf_inline_b\">\n\t\t\t\t\t<a class=\"image-pro-external themify_lightbox tf_abs tf_w tf_h\" href=\"http:\/\/sandbox.popety.io\/wp-content\/uploads\/2025\/03\/Analyse_de.jpg\" ><span class=\"screen-reader-text\">Link<\/span><\/a>\n\t\t   \t\t<div class=\"image-pro-flip-box-wrap tf_rel tf_w tf_overflow\">\n\t\t\t<div class=\"image-pro-flip-box tf_rel\">\n\n\t\t\t\t<img loading=\"lazy\" decoding=\"async\" width=\"1434\" height=\"896\" src=\"http:\/\/sandbox.popety.io\/wp-content\/uploads\/2025\/03\/Analyse_de.jpg\" class=\"wp-post-image wp-image-2338\" title=\"Analyse_de\" alt=\"Analyse_de\" srcset=\"http:\/\/sandbox.popety.io\/wp-content\/uploads\/2025\/03\/Analyse_de.jpg 1434w, http:\/\/sandbox.popety.io\/wp-content\/uploads\/2025\/03\/Analyse_de-300x187.jpg 300w, http:\/\/sandbox.popety.io\/wp-content\/uploads\/2025\/03\/Analyse_de-1024x640.jpg 1024w, http:\/\/sandbox.popety.io\/wp-content\/uploads\/2025\/03\/Analyse_de-768x480.jpg 768w\" sizes=\"auto, (max-width: 1434px) 100vw, 1434px\" \/>\n\t\t\t\t\t\t\t\t\t<div class=\"image-pro-overlay tf_hidden tf_abs\">\n\n\t\t\t\t\t\t\t\t\t\t\t\t\t<div class=\"image-pro-color-overlay tf_abs\" style=\"background-color:rgba(179,90,79, 0.4)\"><\/div>\n\t\t\t\t\t\t\n\t\t\t\t\t\t<div class=\"image-pro-overlay-inner\">\n\n\t\t\t\t\t\t\t\n\t\t\t\t\t\t\t\n\t\t\t\t\t\t\t\t\t\t\t\t\t\t\t<a class=\"ui image-pro-entity builder_button image-pro-action-button transparent themify_lightbox\" href=\"http:\/\/sandbox.popety.io\/wp-content\/uploads\/2025\/03\/Analyse_de.jpg\" >\n\t\t\t\t\t\t\t\t\t   +\t\t\t\t\t\t\t\t<\/a>\n\t\t\t\t\t\t\t\n\t\t\t\t\t\t<\/div>\n\t\t\t\t\t<\/div><!-- .image-pro-overlay -->\n\t\t\t\t\n\t\t\t<\/div>\n\t\t<\/div>\n\n    <\/div><!-- .image-pro-wrap -->\n\n\t\n\t\n\t<\/div><!-- \/module image pro -->        <\/div>\n                    <\/div>\n        <!-- module text -->\n<div  class=\"module module-text tb_uzwc86   \" data-lazy=\"1\">\n        <div  class=\"tb_text_wrap\">\n        <p>M\u00f6chten auch Sie Ihre Immobilienakquise beschleunigen?<br>Finden Sie heraus, wie Popety.io Sie unterst\u00fctzen kann!<\/p>\n    <\/div>\n<\/div>\n<!-- \/module text --><!-- module buttons -->\n<div  class=\"module module-buttons tb_sqao308 buttons-horizontal solid  small circle\" data-lazy=\"1\">\n        <div class=\"module-buttons-item tf_in_flx\">\n                        <a href=\"https:\/\/sandbox.popety.io\/de\/demo-buchen\" class=\"ui builder_button tf_in_flx tb_default_color\" >\n                                                Demo Buchen                                        <\/a>\n                <\/div>\n            <\/div>\n<!-- \/module buttons -->\n        <\/div>\n                        <\/div>\n        <\/div>\n                        <div  data-lazy=\"1\" class=\"module_row themify_builder_row tb_1kvg219 tf_w\">\n                        <div class=\"row_inner col_align_top tb_col_count_1 tf_box tf_rel\">\n                        <div  data-lazy=\"1\" class=\"module_column tb-column col-full tb_fkad219 first\">\n                    <!-- module template_part -->\n<div  class=\"module module-layout-part tb_esuf103 \">\n    <div class=\"tb_layout_part_wrap tf_w\"><!--themify_builder_content-->\n    <div  class=\"themify_builder_content themify_builder_content-807 themify_builder not_editable_builder in_the_loop\" data-postid=\"807\">\n                        <div  data-lazy=\"1\" class=\"module_row themify_builder_row tb_ucan690 tf_w\">\n                        <div class=\"row_inner col_align_top tb_col_count_1 tf_box tf_rel\">\n                        <div  data-lazy=\"1\" class=\"module_column tb-column col-full tb_0dyw690 first\">\n                    <!-- module text -->\n<div  class=\"module module-text tb_sb8t690   \" data-lazy=\"1\">\n        <div  class=\"tb_text_wrap\">\n        <p><strong>Popety SA<\/strong><br \/>Real Estate Technology Company<br \/><a style=\"color: #00283a;\" href=\"tel:+41782058789\">+41 78 205 87 89<\/a><br \/><a style=\"color: #00283a;\" href=\"mailto:contact@popety.com\">contact@popety.com<\/a><\/p>    <\/div>\n<\/div>\n<!-- \/module text -->        <\/div>\n                        <\/div>\n        <\/div>\n            <\/div>\n<!--\/themify_builder_content--><\/div>\n<\/div>\n<!-- \/module template_part -->        <\/div>\n                        <\/div>\n        <\/div>\n        <\/div>\n<!--\/themify_builder_content-->","protected":false},"excerpt":{"rendered":"<p>Analyse Identifizieren Sie einfach Grundst\u00fccke mit hohem Potenzialf\u00fcr Ihre zuk\u00fcnftigen Projekte. \u2714 Erkennen Sie schnell das Entwicklungspotenzial\u2714 Pr\u00e4zise und umfassende Analysen\u2714 Arbeiten Sie effektiv mit Ihrem Team zusammen. F\u00fcr Sie gemacht, die Sie&#8230; Bautr\u00e4gerImmobilien Erfahrungsbericht und Fallstudie &#8222;Mit Analyse erhalte ich einen klaren \u00dcberblick \u00fcber die Parzellen und Geb\u00e4ude, so dass ich die besten Gelegenheiten [&hellip;]<\/p>\n","protected":false},"author":1,"featured_media":0,"parent":1877,"menu_order":0,"comment_status":"closed","ping_status":"closed","template":"","meta":{"footnotes":""},"class_list":["post-1874","page","type-page","status-publish","hentry","has-post-title","has-post-date","has-post-category","has-post-tag","has-post-comment","has-post-author",""],"_links":{"self":[{"href":"http:\/\/sandbox.popety.io\/de\/wp-json\/wp\/v2\/pages\/1874","targetHints":{"allow":["GET"]}}],"collection":[{"href":"http:\/\/sandbox.popety.io\/de\/wp-json\/wp\/v2\/pages"}],"about":[{"href":"http:\/\/sandbox.popety.io\/de\/wp-json\/wp\/v2\/types\/page"}],"author":[{"embeddable":true,"href":"http:\/\/sandbox.popety.io\/de\/wp-json\/wp\/v2\/users\/1"}],"replies":[{"embeddable":true,"href":"http:\/\/sandbox.popety.io\/de\/wp-json\/wp\/v2\/comments?post=1874"}],"version-history":[{"count":26,"href":"http:\/\/sandbox.popety.io\/de\/wp-json\/wp\/v2\/pages\/1874\/revisions"}],"predecessor-version":[{"id":2840,"href":"http:\/\/sandbox.popety.io\/de\/wp-json\/wp\/v2\/pages\/1874\/revisions\/2840"}],"up":[{"embeddable":true,"href":"http:\/\/sandbox.popety.io\/de\/wp-json\/wp\/v2\/pages\/1877"}],"wp:attachment":[{"href":"http:\/\/sandbox.popety.io\/de\/wp-json\/wp\/v2\/media?parent=1874"}],"curies":[{"name":"wp","href":"https:\/\/api.w.org\/{rel}","templated":true}]}}