{"id":1860,"date":"2025-01-06T17:16:34","date_gmt":"2025-01-06T17:16:34","guid":{"rendered":"https:\/\/sandbox.popety.io\/rechtliche-hinweise\/"},"modified":"2025-02-23T22:38:41","modified_gmt":"2025-02-23T22:38:41","slug":"rechtliche-hinweise","status":"publish","type":"page","link":"https:\/\/sandbox.popety.io\/de\/rechtliche-hinweise\/","title":{"rendered":"Rechtliche Hinweise"},"content":{"rendered":"<!--themify_builder_content-->\n<div id=\"themify_builder_content-1860\" data-postid=\"1860\" class=\"themify_builder_content themify_builder_content-1860 themify_builder tf_clear\">\n                    <div  data-lazy=\"1\" class=\"module_row themify_builder_row tb_zbp4166 tb_first tf_w\">\n                        <div class=\"row_inner col_align_top tb_col_count_1 tf_box tf_rel\">\n                        <div  data-lazy=\"1\" class=\"module_column tb-column col-full tb_rait166 first\">\n                    <!-- module divider -->\n<div  class=\"module tf_mw module-divider tb_yx0c166 solid   \" style=\"border-width: 0.5px;border-color: #00283a;\" data-lazy=\"1\">\n    <\/div>\n<!-- \/module divider -->\n        <\/div>\n                        <\/div>\n        <\/div>\n                        <div  data-lazy=\"1\" class=\"module_row themify_builder_row tb_kp78768 tf_w\">\n                        <div class=\"row_inner col_align_top tb_col_count_1 tf_box tf_rel\">\n                        <div  data-lazy=\"1\" class=\"module_column tb-column col-full tb_a433768 first\">\n                    <!-- module text -->\n<div  class=\"module module-text tb_owd7768   \" data-lazy=\"1\">\n        <div  class=\"tb_text_wrap\">\n        <h1><span class=\"underline-style\">Rechtliche<\/span> Hinweise<\/h1>    <\/div>\n<\/div>\n<!-- \/module text -->        <\/div>\n                        <\/div>\n        <\/div>\n                        <div  data-lazy=\"1\" class=\"module_row themify_builder_row tb_y1st7 tf_w\">\n                        <div class=\"row_inner col_align_top tb_col_count_1 tf_box tf_rel\">\n                        <div  data-lazy=\"1\" class=\"module_column tb-column col-full tb_17067 first\">\n                    <!-- module text -->\n<div  class=\"module module-text tb_dhzm762   \" data-lazy=\"1\">\n        <div  class=\"tb_text_wrap\">\n        <div class=\"section-23\">\n<h4 class=\"heading-154\">Rechtliche Hinweise f\u00fcr unsere Unternehmenswebsite Popety.io SA<\/h4>\n<div class=\"rich-text-block-3 w-richtext\">\n<p>Diese rechtlichen Hinweise<strong>(Rechtlicher<\/strong> Hinweis) gelten f\u00fcr die digitale L\u00f6sung Popety.io und die Website, die ohne Einschr\u00e4nkung unter <a href=\"https:\/\/app.popety.io\/\">https:\/\/app.popety.io\/<\/a> und <a href=\"https:\/\/mobile.popety.io\/\">https:\/\/mobile.popety.io\/<\/a> (alle zusammen die <strong>L\u00f6sungen<\/strong>) zug\u00e4nglich sind, sowie f\u00fcr alle Dienste, die \u00fcber die L\u00f6sungen zug\u00e4nglich sind (zusammen mit den L\u00f6sungen die <strong>Dienste<\/strong>), welche von Popety SA, Route de la Galaise 34, 1228 Plan-les-Ouates, Schweiz<strong>(wir<\/strong> oder <strong>Popety.io<\/strong>) bereitgestellt und verwaltet werden.<\/p>\n<p>&nbsp;<br \/>\n<br><br><\/p>\n<h2>\u200d1. General<\/h2>\n<p>1.3 Akzeptieren der rechtlichen Hinweise<em>.<\/em><\/p>\n<p>Jede Nutzung der Dienste durch einen Nutzer<strong>(Sie<\/strong> oder <strong>Nutzer<\/strong>) gilt als Zustimmung zu diesen rechtlichen Hinweisen. Rechtliche Hinweise<\/p>\n<p>1.2 \u00c4nderungen.<\/p>\n<p>Wir behalten uns das Recht vor, diese rechtlichen Hinweise jederzeit zu \u00e4ndern; Sie werden dar\u00fcber in geeigneter Weise informiert (E-Mail, Benachrichtigung bei der Anmeldung usw.). Jede Nutzung der Dienste nach dieser Mitteilung gilt als Zustimmung zu den ge\u00e4nderten Nutzungsbedingungen.<\/p>\n<p>1.3 Umfang.<\/p>\n<p>Diese rechtlichen Hinweise gelten f\u00fcr jede Nutzung der Dienste, einschlie\u00dflich der Offsite-Erfassung von Daten f\u00fcr diese Dienste, wie unsere Werbung und Plugins.<\/p>\n<p><br><strong>\u200d\u200d<\/strong><\/p>\n<h2>2. Pers\u00f6nlicher Bereich<\/h2>\n<p>2.1 Konto.<\/p>\n<p>Um auf bestimmte Funktionen der L\u00f6sungen zugreifen oder bestimmte Dienste nutzen zu k\u00f6nnen, insbesondere LandDev und BrokerInfo, ist es erforderlich, dass Sie \u00fcber einen pers\u00f6nlichen Bereich (das <strong>Konto<\/strong>) verf\u00fcgen und mit diesem Konto verbunden sind. Um dies zu tun, m\u00fcssen Sie<\/p>\n<p>a) (i) ein Mitarbeiter oder eine andere autorisierte Person einer Organisation, die ein Kunde des Anbieters in Bezug auf die L\u00f6sungen ist (Ihre <strong>Organisation<\/strong>), sein und bleiben und (ii) von Ihrer Organisation zum Zugriff auf die L\u00f6sungen und deren Nutzung autorisiert sein;<\/p>\n<p>b) von uns oder Ihrer Organisation die anf\u00e4nglichen Identifikationsdaten f\u00fcr die Registrierung Ihres Kontos erhalten haben;<\/p>\n<p>c) eine nat\u00fcrliche Person im Alter von 18 Jahren oder im gesetzlichen Alter Ihres Wohnsitzlandes sein, falls dieses Alter h\u00f6her als 18 Jahre ist; und<\/p>\n<p>d) die bei der Registrierung erforderlichen Angaben machen.<\/p>\n<p>\u200d<\/p>\n<p>2.2 Vertraulichkeit.<\/p>\n<p>Sie sind allein verantwortlich f\u00fcr die Qualit\u00e4t und die Vertraulichkeit Ihres Passworts und Ihres Benutzernamens sowie f\u00fcr alle Aktivit\u00e4ten, die durch Ihr Passwort und Ihr Konto ausgel\u00f6st werden. Sie m\u00fcssen uns &#8211; \u00fcber das in Ihrem Konto verf\u00fcgbare Kommunikationsmittel oder \u00fcber die Kontaktinformationen in Artikel 16 &#8211; und Ihre Organisation unverz\u00fcglich \u00fcber jede betr\u00fcgerische Nutzung Ihres Passworts oder Ihres Kontos und jede andere Verletzung der Sicherheit informieren.<br \/>\n<br><br><\/p>\n<h2><strong><br \/>\n<\/strong>3. Zugangsbedingungen, Internet<\/h2>\n<p>3.1 Zugang.<\/p>\n<p>Die Ausr\u00fcstung (Computer, Software, Smartphone, Telekommunikationsmittel usw.), die f\u00fcr den Zugang zu den Diensten erforderlich ist, geht ausschlie\u00dflich zu Ihren Lasten, ebenso wie die Telekommunikationskosten, die durch ihre Nutzung entstehen.<\/p>\n<p>3.2 Internet.<\/p>\n<p>Die Nutzung des Internets und digitaler Dienste ist mit Risiken verbunden, insbesondere damit, dass die auf diese Weise \u00fcbertragenen Daten abgefangen, ver\u00e4ndert oder zerst\u00f6rt werden. Gew\u00f6hnliche E-Mails, die \u00fcber das Internet versendet werden, sind weder vertraulich noch sicher und k\u00f6nnen von Dritten gelesen, verloren, abgefangen oder ver\u00e4ndert werden. E-Mails \u00fcberschreiten Grenzen, selbst wenn sich Absender und Empf\u00e4nger im selben Land befinden. E-Mails k\u00f6nnen mit Viren infiziert werden. Durch die Nutzung der Dienste akzeptieren Sie diese Risiken und wir \u00fcbernehmen keine Haftung daf\u00fcr.<br \/>\n<br><br><\/p>\n<h2>4. Hauptfunktionen und Dienste<\/h2>\n<p>Durch die L\u00f6sung bietet Popety.io den Nutzern ein digitales Tool zur Immobilienakquise, das in verschiedenen Abonnements erh\u00e4ltlich ist, sowie Schulungen nur f\u00fcr Abonnenten.<\/p>\n<p>Popety.io \u00fcbernimmt keine Verantwortung f\u00fcr Entscheidungen, die auf der Grundlage von Inhalten getroffen werden, die \u00fcber die Dienste zug\u00e4nglich sind, insbesondere auf der Grundlage der Dienste zur Datenanalyse, zum Versenden von Warnungen, zur Extraktion von Berichten, zur Kartensuche oder zur Suche nach Ausschreibungen, Anzeigen und Transaktionen.<br \/>\n<br><br><\/p>\n<h2>5. Nutzung der Dienste<\/h2>\n<p>5.1 Recht auf Nutzung.<\/p>\n<p>Vorbehaltlich der Einhaltung der rechtlichen Hinweise und aller anwendbaren zus\u00e4tzlichen Bedingungen sind Sie widerruflich, nicht exklusiv, nicht \u00fcbertragbar und nicht abtretbar berechtigt, auf die Dienste, auf die Sie Zugriff haben, zuzugreifen und sie zu nutzen, insbesondere um Ihre Immobilienakquise zu beschleunigen. Sie sind auch berechtigt, den exportierbaren Inhalt, der \u00fcber die Dienste verf\u00fcgbar ist, zu nutzen und weiterzuverbreiten.<\/p>\n<p>5.2 Nutzungseinschr\u00e4nkungen.<\/p>\n<p>Sie m\u00fcssen die Dienste in \u00dcbereinstimmung mit allen anwendbaren Gesetzen und Vorschriften sowie den von Ihrer Organisation und diesen Nutzungsbedingungen auferlegten Beschr\u00e4nkungen nutzen. Insbesondere ist es Ihnen strengstens untersagt: (i) die Dienste f\u00fcr andere Zwecke zu nutzen und\/oder auf sie zuzugreifen, als in diesen Nutzungsbedingungen oder in den anwendbaren Sonderbedingungen vorgesehen ist; (ii) vorbehaltlich Abschnitt 6.1 die Dienste und\/oder den Inhalt ganz oder teilweise zu reproduzieren, zu modifizieren, anzupassen, zu ver\u00e4ndern, zu extrahieren oder davon abgeleitete Werke zu erstellen, einschlie\u00dflich der Verwendung von <em>Web-Scraping-Tools<\/em>, <em>Web-Crawlern<\/em>, <em>Spidern<\/em> oder anderen Technologien; (iii) auf den Quellcode der L\u00f6sungen durch Dekompilierung, Reverse Engineering oder auf andere Weise zuzugreifen oder zu versuchen, auf diesen zuzugreifen; (iv) die Dienste oder den zugangsbeschr\u00e4nkten Inhalt ganz oder teilweise Dritten zur Verf\u00fcgung zu stellen; (v) einen Teil der Dienste zu nutzen, um ein Konkurrenzprodukt oder eine Konkurrenzdienstleistung zu schaffen oder deren Merkmale oder Benutzeroberfl\u00e4che zu kopieren; (vi) E-Mail-Adressen oder andere \u00fcber die Dienste verf\u00fcgbare Inhalte f\u00fcr Spamming-Zwecke zu sammeln.<br \/>\n<br><br><\/p>\n<h2>6. Geistiges Eigentum<\/h2>\n<p>6.1 Inhaberschaft.<\/p>\n<p>S\u00e4mtliche geistigen Eigentumsrechte an den L\u00f6sungen, den Diensten und den \u00fcber die Dienste zug\u00e4nglichen Inhalten (der <strong>Inhalt<\/strong>) sind das alleinige Eigentum von Popety.io und ggf. unseren Lizenzgebern. Die Bereitstellung dieser Inhalte f\u00fchrt nicht zu einer Abtretung von geistigen Eigentumsrechten oder der Gew\u00e4hrung eines anderen Nutzungsrechts als der gem\u00e4\u00df Artikel 6.1 gew\u00e4hrten Lizenz.<\/p>\n<p>6.2 Verst\u00f6\u00dfe.<\/p>\n<p>Wenn Sie der Meinung sind, dass die L\u00f6sungen, der Inhalt oder die Dienste die geistigen Eigentumsrechte eines Dritten verletzen, k\u00f6nnen Sie uns jederzeit unter der in Artikel 16 angegebenen Adresse kontaktieren, und wir werden Ihre Anfrage pr\u00fcfen.<br \/>\n<br><br><\/p>\n<h2>7. Einschr\u00e4nkungen der Nutzung<\/h2>\n<p>7.1 Obligationen.<\/p>\n<p>Sie verpflichten sich: (i) alle anwendbaren gesetzlichen Bestimmungen einzuhalten; (ii) die Dienste nicht f\u00fcr illegale Zwecke zu nutzen; (iii) keine falschen, unvollst\u00e4ndigen oder ungenauen, rechtswidrigen oder beleidigenden Informationen oder Daten einzuf\u00fcgen, die die geistigen Eigentumsrechte Dritter verletzen; und (iv) keine Viren, Trojaner, W\u00fcrmer, Zeitbomben oder andere Programme einzuf\u00fcgen, die dazu bestimmt sind, Systeme, Daten oder pers\u00f6nliche Informationen zu besch\u00e4digen, zu sch\u00e4digen, abzufangen oder zu vereiteln.<\/p>\n<p>7.2 Nichtbeachtung.<\/p>\n<p>Ohne Einschr\u00e4nkung der Rechte, die an anderer Stelle in diesen rechtlichen Hinweisen vorgesehen sind, behalten wir uns das Recht vor, Ihnen bei Nichteinhaltung dieser rechtlichen Hinweise den Zugang zu den Diensten zu verweigern bzw. Ihr Konto zu schlie\u00dfen oder einzuschr\u00e4nken und\/oder die Erbringung der Dienste zu verweigern.<\/p>\n<p>\u200d<br \/>\n<br><br><\/p>\n<h2>8. Datenschutz<\/h2>\n<p>Wir haben eine Datenschutzrichtlinie erlassen, die unter <a href=\"https:\/\/popety.io\/de\/datenschutz\">https:\/\/popety.io\/de\/datenschutz<\/a> abrufbar ist und in der beschrieben wird, wie pers\u00f6nliche Daten in Verbindung mit den Diensten gesammelt werden und zu welchem Zweck. Diese Datenschutzrichtlinie ist in ihrer jeweils g\u00fcltigen Fassung Bestandteil dieser rechtlichen Hinweise.<br \/>\n<br><br><\/p>\n<h2>9. \u00c4nderung und Aussetzung<\/h2>\n<p>Vorbehaltlich unserer Verpflichtungen gegen\u00fcber Ihrer Organisation behalten wir uns das Recht vor, jederzeit und ohne Angabe von Gr\u00fcnden einen Dienst zu \u00e4ndern oder vor\u00fcbergehend oder endg\u00fcltig einzustellen oder den Zugang zu Ihrem pers\u00f6nlichen Bereich zu entfernen oder zu beschr\u00e4nken, ohne Ihnen gegen\u00fcber daf\u00fcr haftbar zu sein.<br \/>\n<br><br><\/p>\n<h2>10. Ausschluss der Garantie<\/h2>\n<p>10.1 Grundsatz<em>.<\/em><\/p>\n<p>Der Zugriff auf die Dienste und deren Nutzung erfolgt auf Ihr alleiniges Risiko. Die L\u00f6sungen, Dienste und Inhalte werden Ihnen in dem Zustand, in dem sie sich befinden und wie sie verf\u00fcgbar sind, ohne jegliche Gew\u00e4hrleistung zur Verf\u00fcgung gestellt.<\/p>\n<p>10.2 Herunterladen.<\/p>\n<p>Alle Dokumente oder Inhalte, die durch die Nutzung der Dienste heruntergeladen oder erhalten werden, werden auf Ihr eigenes Risiko heruntergeladen, und Sie sind allein verantwortlich f\u00fcr Sch\u00e4den an Ihrem Computersystem oder f\u00fcr Datenverluste, die aus solchen Downloads resultieren.<\/p>\n<p>10.3 Inhalte Dritter.<\/p>\n<p>Die L\u00f6sungen k\u00f6nnen Inhalte enthalten, die von Dritten bereitgestellt oder gepflegt werden, oder Links zu solchen Inhalten. Diese Inhalte werden nur als Annehmlichkeit f\u00fcr die Nutzer zur Verf\u00fcgung gestellt und stellen keine Billigung oder Best\u00e4tigung dieser Inhalte durch uns dar. Wir \u00fcbernehmen keine Verantwortung f\u00fcr diese Inhalte.<br \/>\n<br><br><\/p>\n<h2>11. Haftung<\/h2>\n<p>Sie erkennen ausdr\u00fccklich an und stimmen zu, dass wir, soweit gesetzlich zul\u00e4ssig, nicht f\u00fcr direkte oder indirekte Sch\u00e4den haften (dazu geh\u00f6ren u.a. entgangener Gewinn, Handelsschaden, Umsatz- oder Gewinnverlust, Verlust von Kunden, Verlust einer Chance oder Kosten f\u00fcr die Beschaffung eines Ersatzprodukts oder einer Ersatzdienstleistung), einschlie\u00dflich u.a. Sch\u00e4den, die sich aus dem Deliktsrecht ergeben, Datenverlust oder andere immaterielle Verluste, selbst wenn wir auf die M\u00f6glichkeit solcher Sch\u00e4den hingewiesen wurden, die sich u.a. aus Folgendem ergeben: (i) der Nutzung der Dienste oder des Inhalts, der Nichtverf\u00fcgbarkeit oder der Unm\u00f6glichkeit der Nutzung der Dienste, (ii) des unbefugten Zugriffs auf Ihre Daten oder deren \u00c4nderung, (iii) der Aussagen oder des Verhaltens von Dritten auf den oder in Verbindung mit den Diensten, (iv) der Informationen und Ergebnisse, die auf den Diensten und allen damit verbundenen Websites und allen auf den Diensten verbreiteten Materialien verf\u00fcgbar sind, (v) jeglicher anderer Ursache, die mit den Diensten in Zusammenhang steht.<br \/>\n<br><br><\/p>\n<h2>12. Allgemeine Bestimmungen<\/h2>\n<p>12.1 Datensicherung.<\/p>\n<p>Sollte eine Bestimmung dieser rechtlichen Hinweise ung\u00fcltig oder nicht durchsetzbar sein, so vereinbaren die Parteien, dass ihre Absichten, wie sie aus der Bestimmung hervorgehen, so weit wie m\u00f6glich durchgesetzt werden und dass die \u00fcbrigen Bestimmungen der rechtlichen Hinweise in Kraft und wirksam bleiben.<\/p>\n<p>12.2 Abtretung.<\/p>\n<p>Sie d\u00fcrfen keine Ihrer Rechte oder Pflichten im Rahmen dieser rechtlichen Hinweise abtreten oder \u00fcbertragen. Wir k\u00f6nnen jederzeit und ohne Ihre vorherige Zustimmung Rechte oder Pflichten abtreten oder \u00fcbertragen oder die Erf\u00fcllung unserer Pflichten im Rahmen der rechtlichen Hinweise an Dritte vergeben.<\/p>\n<p>12.3 H\u00f6here Gewalt.<\/p>\n<p>Wir haften nicht f\u00fcr die Nichterf\u00fcllung oder versp\u00e4tete Erf\u00fcllung unserer Verpflichtungen aufgrund von Ereignissen h\u00f6herer Gewalt wie Naturkatastrophen von besonderer Intensit\u00e4t, Kriege, Regierungs- oder Beh\u00f6rdenakte, Aufruhr, Streiks, Epidemien oder Pandemien oder Ausf\u00e4lle von Strom- oder Telekommunikationsnetzen. Wenn ein solches Ereignis eintritt, werden wir Sie unverz\u00fcglich dar\u00fcber informieren.<\/p>\n<p>12.4 Verzicht.<\/p>\n<p>Jede Duldung oder jeder Verzicht von Popety.io bei der Durchsetzung aller oder eines Teils der Klauseln dieser rechtlichen Hinweise oder der anwendbaren Sonderbedingungen, unabh\u00e4ngig von der H\u00e4ufigkeit und Dauer, gilt nicht als Verzicht auf die Durchsetzung dieser Klauseln oder Bedingungen.<br \/>\n<br><br><\/p>\n<h2>13. Anwendbares Recht und Gerichtsstand<\/h2>\n<p>13.1 Anwendbares Recht.<\/p>\n<p>Die Nutzungsbedingungen und die Beziehungen zwischen Ihnen und uns bzw. einem mit uns verbundenen Unternehmen unterliegen dem Schweizer Recht unter Ausschluss des Kollisionsrechts.<\/p>\n<p>13.2 For.<\/p>\n<p>Alle Streitigkeiten in Verbindung mit diesen rechtlichen Hinweisen unterliegen der ausschlie\u00dflichen Zust\u00e4ndigkeit der zust\u00e4ndigen Gerichte am Sitz von Popety.io, vorbehaltlich eines zwingenden Gerichtsstandes.<br \/>\n<br><br><\/p>\n<h2>14. Kontakt<\/h2>\n<p>Sie k\u00f6nnen uns per E-Mail kontaktieren, indem Sie an <a href=\"mailto:contact@popety.com\">contact@popety.com<\/a> schreiben.<\/p>\n<\/div>\n<\/div>\n    <\/div>\n<\/div>\n<!-- \/module text -->        <\/div>\n                        <\/div>\n        <\/div>\n        <\/div>\n<!--\/themify_builder_content-->","protected":false},"excerpt":{"rendered":"<p>Rechtliche Hinweise Rechtliche Hinweise f\u00fcr unsere Unternehmenswebsite Popety.io SA Diese rechtlichen Hinweise(Rechtlicher Hinweis) gelten f\u00fcr die digitale L\u00f6sung Popety.io und die Website, die ohne Einschr\u00e4nkung unter https:\/\/app.popety.io\/ und https:\/\/mobile.popety.io\/ (alle zusammen die L\u00f6sungen) zug\u00e4nglich sind, sowie f\u00fcr alle Dienste, die \u00fcber die L\u00f6sungen zug\u00e4nglich sind (zusammen mit den L\u00f6sungen die Dienste), welche von Popety SA, [&hellip;]<\/p>\n","protected":false},"author":1,"featured_media":0,"parent":0,"menu_order":0,"comment_status":"closed","ping_status":"open","template":"","meta":{"footnotes":""},"class_list":["post-1860","page","type-page","status-publish","hentry","has-post-title","has-post-date","has-post-category","has-post-tag","has-post-comment","has-post-author",""],"_links":{"self":[{"href":"https:\/\/sandbox.popety.io\/de\/wp-json\/wp\/v2\/pages\/1860","targetHints":{"allow":["GET"]}}],"collection":[{"href":"https:\/\/sandbox.popety.io\/de\/wp-json\/wp\/v2\/pages"}],"about":[{"href":"https:\/\/sandbox.popety.io\/de\/wp-json\/wp\/v2\/types\/page"}],"author":[{"embeddable":true,"href":"https:\/\/sandbox.popety.io\/de\/wp-json\/wp\/v2\/users\/1"}],"replies":[{"embeddable":true,"href":"https:\/\/sandbox.popety.io\/de\/wp-json\/wp\/v2\/comments?post=1860"}],"version-history":[{"count":3,"href":"https:\/\/sandbox.popety.io\/de\/wp-json\/wp\/v2\/pages\/1860\/revisions"}],"predecessor-version":[{"id":1995,"href":"https:\/\/sandbox.popety.io\/de\/wp-json\/wp\/v2\/pages\/1860\/revisions\/1995"}],"wp:attachment":[{"href":"https:\/\/sandbox.popety.io\/de\/wp-json\/wp\/v2\/media?parent=1860"}],"curies":[{"name":"wp","href":"https:\/\/api.w.org\/{rel}","templated":true}]}}