{"id":1866,"date":"2025-01-22T14:17:25","date_gmt":"2025-01-22T14:17:25","guid":{"rendered":"https:\/\/sandbox.popety.io\/berufe\/finanzen\/"},"modified":"2025-03-26T15:16:48","modified_gmt":"2025-03-26T15:16:48","slug":"finanzinstitutionen","status":"publish","type":"page","link":"https:\/\/sandbox.popety.io\/de\/branchen\/finanzinstitutionen\/","title":{"rendered":"Finanzinstitutionen"},"content":{"rendered":"<!--themify_builder_content-->\n<div id=\"themify_builder_content-1866\" data-postid=\"1866\" class=\"themify_builder_content themify_builder_content-1866 themify_builder tf_clear\">\n                    <div  data-lazy=\"1\" class=\"module_row themify_builder_row tb_ueag584 tb_first tf_w\">\n                        <div class=\"row_inner col_align_middle tb_col_count_2 tf_box tf_rel\">\n                        <div  data-lazy=\"1\" class=\"module_column tb-column col4-2 tb_9lhq584 first\">\n                    <!-- module text -->\n<div  class=\"module module-text tb_r954584   \" data-lazy=\"1\">\n        <div  class=\"tb_text_wrap\">\n        <h2><span class=\"underline-style\">Finanzinstitutionen<\/span><\/h2>    <\/div>\n<\/div>\n<!-- \/module text -->        <div  data-lazy=\"1\" class=\"module_subrow themify_builder_sub_row tf_w col_align_bottom tb_col_count_2 tb_dfls584\">\n                <div  data-lazy=\"1\" class=\"module_column sub_column col4-2 tb_pt5f584 first\">\n                    <!-- module image -->\n<div  class=\"module module-image tb_i77f584 image-left   tf_mw\" data-lazy=\"1\">\n        <div class=\"image-wrap tf_rel tf_mw\">\n            <img decoding=\"async\" src=\"http:\/\/sandbox.popety.io\/wp-content\/uploads\/2025\/01\/finance.svg\" width=\"120\" title=\"Finanzinstitutionen\" alt=\"Finanzinstitutionen\">    \n        <\/div>\n    <!-- \/image-wrap -->\n    \n        <\/div>\n<!-- \/module image -->        <\/div>\n                    <div  data-lazy=\"1\" class=\"module_column sub_column col4-2 tb_sqyv584 last\">\n                    <!-- module text -->\n<div  class=\"module module-text tb_3gwz584   \" data-lazy=\"1\">\n        <div  class=\"tb_text_wrap\">\n        <p class=\"p1\">Bleiben Sie mit Ihren Kunden in Verbindung und beraten Sie sie gezielt, indem Sie Bed\u00fcrfnissen immer einen Schritt voraus sind.<\/p>    <\/div>\n<\/div>\n<!-- \/module text -->        <\/div>\n                    <\/div>\n                <\/div>\n                    <div  data-lazy=\"1\" class=\"module_column tb-column col4-2 tb_1gll584 last\">\n        <span class=\"builder_row_cover tf_abs\"><\/span>            <!-- module text -->\n<div  class=\"module module-text tb_z5m7584   \" data-lazy=\"1\">\n        <div  class=\"tb_text_wrap\">\n        <p style=\"text-align: center;\">Die Module<br>f\u00fcr Sie<\/p>    <\/div>\n<\/div>\n<!-- \/module text --><!-- module image -->\n<div  class=\"module module-image tb_4bx4584 image-center   tf_mw\" data-lazy=\"1\">\n        <div class=\"image-wrap tf_rel tf_mw\">\n            <a href=\"https:\/\/sandbox.popety.io\/de\/loesungen\/api\/\">\n                   <img decoding=\"async\" src=\"http:\/\/sandbox.popety.io\/wp-content\/uploads\/2025\/01\/api-circle.svg\" width=\"225\" title=\"Finanzinstitutionen\" alt=\"Finanzinstitutionen\">        <\/a>\n    \n        <\/div>\n    <!-- \/image-wrap -->\n    \n        <\/div>\n<!-- \/module image --><!-- module buttons -->\n<div  class=\"module module-buttons tb_1z1h584 buttons-horizontal solid  small circle\" data-lazy=\"1\">\n        <div class=\"module-buttons-item tf_in_flx\">\n                        <a href=\"https:\/\/sandbox.popety.io\/de\/loesungen\/api\/\" class=\"ui builder_button tf_in_flx tb_default_color\" >\n                                                Entdecken Sie                                        <\/a>\n                <\/div>\n            <\/div>\n<!-- \/module buttons -->\n        <\/div>\n                        <\/div>\n        <\/div>\n                        <div  data-css_id=\"kds6779\" data-lazy=\"1\" class=\"module_row themify_builder_row fullwidth_row_container tb_kds6779 tf_w\">\n                        <div class=\"row_inner col_align_top tb_col_count_1 tf_box tf_rel\">\n                        <div  data-lazy=\"1\" class=\"module_column tb-column col-full tb_bj6m779 first\">\n                    <!-- module text -->\n<div  class=\"module module-text tb_1ej1779   \" data-lazy=\"1\">\n        <div  class=\"tb_text_wrap\">\n        <p><em>&#8222;Dank Popety.io konnten wir zuverl\u00e4ssige und detaillierte Immobiliendaten in unsere Anlagestrategien integrieren und so unsere F\u00e4higkeit verbessert, unseren Kunden eine ma\u00dfgeschneiderte Beratung zu bieten.<\/em><em>&#8222;<\/em><\/p>    <\/div>\n<\/div>\n<!-- \/module text -->        <\/div>\n                        <\/div>\n        <\/div>\n                        <div  data-lazy=\"1\" class=\"module_row themify_builder_row tb_5731279 tf_w\">\n                        <div class=\"row_inner col_align_top tb_col_count_1 tf_box tf_rel\">\n                        <div  data-lazy=\"1\" class=\"module_column tb-column col-full tb_f1h3279 first\">\n                    <!-- module text -->\n<div  class=\"module module-text tb_pr7w279   \" data-lazy=\"1\">\n        <div  class=\"tb_text_wrap\">\n        <h2>Wie k\u00f6nnen Sie Ihre Finanzstrategien mit Hilfe zuverl\u00e4ssiger Immobiliendaten optimieren?<\/span><\/h2>\n    <\/div>\n<\/div>\n<!-- \/module text --><!-- module text -->\n<div  class=\"module module-text tb_imav279   \" data-lazy=\"1\">\n        <div  class=\"tb_text_wrap\">\n        <p>Banken, Finanzinstitute und Verm\u00f6gensverwalter nutzen Popety.io, um den Immobilienmarkt besser zu verstehen und ihren Kunden eine pers\u00f6nliche Beratung anzubieten.<\/p>\n    <\/div>\n<\/div>\n<!-- \/module text --><!-- module text -->\n<div  class=\"module module-text tb_slv9279   \" data-lazy=\"1\">\n        <div  class=\"tb_text_wrap\">\n        <p class=\"p1\">Popety.io bietet M\u00f6glichkeiten f\u00fcr:<\/p>\n    <\/div>\n<\/div>\n<!-- \/module text -->        <div  data-lazy=\"1\" class=\"module_subrow themify_builder_sub_row tf_w col_align_middle tb_col_count_2 tb_u6ce279\">\n                <div  data-lazy=\"1\" class=\"module_column sub_column col4-2 tb_8922279 first\">\n                    <!-- module image pro -->\n<div  class=\"module module-pro-image tb_e1oz200 filter- effect-zoomin fullwidth_image rounded tf_textc   entrance-effect-fadeIn\" data-lazy=\"1\" data-entrance-effect=\"fadeIn\" data-exit-effect=\"fadeOut\" >\n\t\n    <div class=\"image-pro-wrap tf_rel tf_overflow tf_inline_b\">\n\t\t\t\t\t<a class=\"image-pro-external themify_lightbox tf_abs tf_w tf_h\" href=\"http:\/\/sandbox.popety.io\/wp-content\/uploads\/2025\/03\/Finanzinstitutionen_1.jpg\" ><span class=\"screen-reader-text\">Link<\/span><\/a>\n\t\t   \t\t<div class=\"image-pro-flip-box-wrap tf_rel tf_w tf_overflow\">\n\t\t\t<div class=\"image-pro-flip-box tf_rel\">\n\n\t\t\t\t<img loading=\"lazy\" decoding=\"async\" src=\"http:\/\/sandbox.popety.io\/wp-content\/uploads\/2025\/03\/Finanzinstitutionen_1.jpg\" width=\"1324\" height=\"614\" title=\"Finanzinstitutionen\" alt=\"Finanzinstitutionen\">\n\t\t\t\t\t\t\t\t\t<div class=\"image-pro-overlay tf_hidden tf_abs\">\n\n\t\t\t\t\t\t\t\t\t\t\t\t\t<div class=\"image-pro-color-overlay tf_abs\" style=\"background-color:rgba(179,90,79, 0.4)\"><\/div>\n\t\t\t\t\t\t\n\t\t\t\t\t\t<div class=\"image-pro-overlay-inner\">\n\n\t\t\t\t\t\t\t\n\t\t\t\t\t\t\t\n\t\t\t\t\t\t\t\t\t\t\t\t\t\t\t<a class=\"ui image-pro-entity builder_button image-pro-action-button transparent themify_lightbox\" href=\"http:\/\/sandbox.popety.io\/wp-content\/uploads\/2025\/03\/Finanzinstitutionen_1.jpg\" >\n\t\t\t\t\t\t\t\t\t   +\t\t\t\t\t\t\t\t<\/a>\n\t\t\t\t\t\t\t\n\t\t\t\t\t\t<\/div>\n\t\t\t\t\t<\/div><!-- .image-pro-overlay -->\n\t\t\t\t\n\t\t\t<\/div>\n\t\t<\/div>\n\n    <\/div><!-- .image-pro-wrap -->\n\n\t\n\t\n\t<\/div><!-- \/module image pro -->        <\/div>\n                    <div  data-lazy=\"1\" class=\"module_column sub_column col4-2 tb_wkzv279 last\">\n                    <!-- module text -->\n<div  class=\"module module-text tb_80rl279   \" data-lazy=\"1\">\n        <div  class=\"tb_text_wrap\">\n        <p><span style=\"color: #b35a4f;\"> \u2714 <\/span> Zeitersparnis und Effizienz<br \/><span style=\"color: #b35a4f;\"> \u2714 <\/span>Finden Sie schnell passende Immobilien mit erweiterten Filtern Filterfunktionen<br \/><span style=\"color: #b35a4f;\">\u2714 <\/span>Identifizieren Sie rentable Investitionsm\u00f6glichkeiten<br \/><span style=\"color: #b35a4f;\">\u2714 <\/span>Ermitteln Sie die Immobilien mit dem h\u00f6chsten Verkaufspotenzial<\/p>    <\/div>\n<\/div>\n<!-- \/module text -->        <\/div>\n                    <\/div>\n                <div  data-lazy=\"1\" class=\"module_subrow themify_builder_sub_row tf_w col_align_middle tb_col_count_2 tb_29su279\">\n                <div  data-lazy=\"1\" class=\"module_column sub_column col4-2 tb_u7jp279 first\">\n                    <!-- module image pro -->\n<div  class=\"module module-pro-image tb_9kmj745 filter- effect-zoomin fullwidth_image rounded tf_textc   entrance-effect-fadeIn\" data-lazy=\"1\" data-entrance-effect=\"fadeIn\" data-exit-effect=\"fadeOut\" >\n\t\n    <div class=\"image-pro-wrap tf_rel tf_overflow tf_inline_b\">\n\t\t\t\t\t<a class=\"image-pro-external themify_lightbox tf_abs tf_w tf_h\" href=\"http:\/\/sandbox.popety.io\/wp-content\/uploads\/2025\/03\/Finanzinstitutionen_2.jpg\" ><span class=\"screen-reader-text\">Link<\/span><\/a>\n\t\t   \t\t<div class=\"image-pro-flip-box-wrap tf_rel tf_w tf_overflow\">\n\t\t\t<div class=\"image-pro-flip-box tf_rel\">\n\n\t\t\t\t<img loading=\"lazy\" decoding=\"async\" src=\"http:\/\/sandbox.popety.io\/wp-content\/uploads\/2025\/03\/Finanzinstitutionen_2.jpg\" width=\"1434\" height=\"899\" title=\"Finanzinstitutionen\" alt=\"Finanzinstitutionen\">\n\t\t\t\t\t\t\t\t\t<div class=\"image-pro-overlay tf_hidden tf_abs\">\n\n\t\t\t\t\t\t\t\t\t\t\t\t\t<div class=\"image-pro-color-overlay tf_abs\" style=\"background-color:rgba(179,90,79, 0.4)\"><\/div>\n\t\t\t\t\t\t\n\t\t\t\t\t\t<div class=\"image-pro-overlay-inner\">\n\n\t\t\t\t\t\t\t\n\t\t\t\t\t\t\t\n\t\t\t\t\t\t\t\t\t\t\t\t\t\t\t<a class=\"ui image-pro-entity builder_button image-pro-action-button transparent themify_lightbox\" href=\"http:\/\/sandbox.popety.io\/wp-content\/uploads\/2025\/03\/Finanzinstitutionen_2.jpg\" >\n\t\t\t\t\t\t\t\t\t   +\t\t\t\t\t\t\t\t<\/a>\n\t\t\t\t\t\t\t\n\t\t\t\t\t\t<\/div>\n\t\t\t\t\t<\/div><!-- .image-pro-overlay -->\n\t\t\t\t\n\t\t\t<\/div>\n\t\t<\/div>\n\n    <\/div><!-- .image-pro-wrap -->\n\n\t\n\t\n\t<\/div><!-- \/module image pro -->        <\/div>\n                    <div  data-lazy=\"1\" class=\"module_column sub_column col4-2 tb_hs1b279 last\">\n                    <!-- module text -->\n<div  class=\"module module-text tb_plf2279   \" data-lazy=\"1\">\n        <div  class=\"tb_text_wrap\">\n        <p><span style=\"color: #b35a4f;\">\u2714 <\/span>Umfassende Analyse des Immobilienverm\u00f6gens<br \/><span style=\"color: #b35a4f;\">\u2714 <\/span>Bewerten Sie Verm\u00f6genswerte und ihr Baupotenzial, um optimale Investitionsentscheidungen zu treffen.<br \/><span style=\"color: #b35a4f;\">\u2714 <\/span>Diversifizieren Sie Ihr Portfolio gezielt<\/p>    <\/div>\n<\/div>\n<!-- \/module text -->        <\/div>\n                    <\/div>\n                <div  data-lazy=\"1\" class=\"module_subrow themify_builder_sub_row tf_w col_align_middle tb_col_count_2 tb_3h6c279\">\n                <div  data-lazy=\"1\" class=\"module_column sub_column col4-2 tb_eu5e279 first\">\n                    <!-- module image pro -->\n<div  class=\"module module-pro-image tb_v2kn212 filter- effect-zoomin fullwidth_image rounded tf_textc   entrance-effect-fadeIn\" data-lazy=\"1\" data-entrance-effect=\"fadeIn\" data-exit-effect=\"fadeOut\" >\n\t\n    <div class=\"image-pro-wrap tf_rel tf_overflow tf_inline_b\">\n\t\t\t\t\t<a class=\"image-pro-external themify_lightbox tf_abs tf_w tf_h\" href=\"http:\/\/sandbox.popety.io\/wp-content\/uploads\/2025\/03\/Finanzinstitutionen_3.jpg\" ><span class=\"screen-reader-text\">Link<\/span><\/a>\n\t\t   \t\t<div class=\"image-pro-flip-box-wrap tf_rel tf_w tf_overflow\">\n\t\t\t<div class=\"image-pro-flip-box tf_rel\">\n\n\t\t\t\t<img loading=\"lazy\" decoding=\"async\" src=\"http:\/\/sandbox.popety.io\/wp-content\/uploads\/2025\/03\/Finanzinstitutionen_3.jpg\" width=\"1327\" height=\"627\" title=\"Finanzinstitutionen\" alt=\"Finanzinstitutionen\">\n\t\t\t\t\t\t\t\t\t<div class=\"image-pro-overlay tf_hidden tf_abs\">\n\n\t\t\t\t\t\t\t\t\t\t\t\t\t<div class=\"image-pro-color-overlay tf_abs\" style=\"background-color:rgba(179,90,79, 0.4)\"><\/div>\n\t\t\t\t\t\t\n\t\t\t\t\t\t<div class=\"image-pro-overlay-inner\">\n\n\t\t\t\t\t\t\t\n\t\t\t\t\t\t\t\n\t\t\t\t\t\t\t\t\t\t\t\t\t\t\t<a class=\"ui image-pro-entity builder_button image-pro-action-button transparent themify_lightbox\" href=\"http:\/\/sandbox.popety.io\/wp-content\/uploads\/2025\/03\/Finanzinstitutionen_3.jpg\" >\n\t\t\t\t\t\t\t\t\t   +\t\t\t\t\t\t\t\t<\/a>\n\t\t\t\t\t\t\t\n\t\t\t\t\t\t<\/div>\n\t\t\t\t\t<\/div><!-- .image-pro-overlay -->\n\t\t\t\t\n\t\t\t<\/div>\n\t\t<\/div>\n\n    <\/div><!-- .image-pro-wrap -->\n\n\t\n\t\n\t<\/div><!-- \/module image pro -->        <\/div>\n                    <div  data-lazy=\"1\" class=\"module_column sub_column col4-2 tb_2rjg279 last\">\n                    <!-- module text -->\n<div  class=\"module module-text tb_82mu279   \" data-lazy=\"1\">\n        <div  class=\"tb_text_wrap\">\n        <p><span style=\"color: #b35a4f;\">\u2714 <\/span>Markt\u00fcberwachung und Trendanalysen<br \/><span style=\"color: #b35a4f;\">\u2714 <\/span>Erhalten Sie Benachrichtigungen \u00fcber neue Bauprojekte und Erweiterungen in Ihrem Immobilienbestand<br \/><span style=\"color: #b35a4f;\">\u2714 <\/span>Bleiben Sie \u00fcber Markttrends informiert und beraten Sie Ihre Kunden fundiert<\/p>    <\/div>\n<\/div>\n<!-- \/module text -->        <\/div>\n                    <\/div>\n                <div  data-lazy=\"1\" class=\"module_subrow themify_builder_sub_row tf_w col_align_middle tb_col_count_2 tb_p264279\">\n                <div  data-lazy=\"1\" class=\"module_column sub_column col4-2 tb_1ys1279 first\">\n                    <!-- module image pro -->\n<div  class=\"module module-pro-image tb_gvsu420 filter- effect-zoomin fullwidth_image rounded tf_textc   entrance-effect-fadeIn\" data-lazy=\"1\" data-entrance-effect=\"fadeIn\" data-exit-effect=\"fadeOut\" >\n\t\n    <div class=\"image-pro-wrap tf_rel tf_overflow tf_inline_b\">\n\t\t\t\t\t<a class=\"image-pro-external themify_lightbox tf_abs tf_w tf_h\" href=\"http:\/\/sandbox.popety.io\/wp-content\/uploads\/2025\/03\/Finanzinstitutionen_4.jpg\" ><span class=\"screen-reader-text\">Link<\/span><\/a>\n\t\t   \t\t<div class=\"image-pro-flip-box-wrap tf_rel tf_w tf_overflow\">\n\t\t\t<div class=\"image-pro-flip-box tf_rel\">\n\n\t\t\t\t<img loading=\"lazy\" decoding=\"async\" src=\"http:\/\/sandbox.popety.io\/wp-content\/uploads\/2025\/03\/Finanzinstitutionen_4.jpg\" width=\"1858\" height=\"1105\" title=\"Finanzinstitutionen\" alt=\"Finanzinstitutionen\">\n\t\t\t\t\t\t\t\t\t<div class=\"image-pro-overlay tf_hidden tf_abs\">\n\n\t\t\t\t\t\t\t\t\t\t\t\t\t<div class=\"image-pro-color-overlay tf_abs\" style=\"background-color:rgba(179,90,79, 0.4)\"><\/div>\n\t\t\t\t\t\t\n\t\t\t\t\t\t<div class=\"image-pro-overlay-inner\">\n\n\t\t\t\t\t\t\t\n\t\t\t\t\t\t\t\n\t\t\t\t\t\t\t\t\t\t\t\t\t\t\t<a class=\"ui image-pro-entity builder_button image-pro-action-button transparent themify_lightbox\" href=\"http:\/\/sandbox.popety.io\/wp-content\/uploads\/2025\/03\/Finanzinstitutionen_4.jpg\" >\n\t\t\t\t\t\t\t\t\t   +\t\t\t\t\t\t\t\t<\/a>\n\t\t\t\t\t\t\t\n\t\t\t\t\t\t<\/div>\n\t\t\t\t\t<\/div><!-- .image-pro-overlay -->\n\t\t\t\t\n\t\t\t<\/div>\n\t\t<\/div>\n\n    <\/div><!-- .image-pro-wrap -->\n\n\t\n\t\n\t<\/div><!-- \/module image pro -->        <\/div>\n                    <div  data-lazy=\"1\" class=\"module_column sub_column col4-2 tb_9bwv279 last\">\n                    <!-- module text -->\n<div  class=\"module module-text tb_xgfs279   \" data-lazy=\"1\">\n        <div  class=\"tb_text_wrap\">\n        <p><span style=\"color: #b35a4f;\">\u2714 <\/span>Individuelle Systemintegration<br \/><span style=\"color: #b35a4f;\">\u2714 <\/span>Integrieren Sie Immobiliendaten nahtlos in Ihre Systeme mit ma\u00dfgeschneiderten API-L\u00f6sungen<br \/><span style=\"color: #b35a4f;\">\u2714 <\/span>Stellen Sie Ihren Kunden detaillierte Daten zur Bewertung und Potenzialanalyse ihrer Immobilien bereit<\/p>    <\/div>\n<\/div>\n<!-- \/module text -->        <\/div>\n                    <\/div>\n        <!-- module text -->\n<div  class=\"module module-text tb_vgff279   \" data-lazy=\"1\">\n        <div  class=\"tb_text_wrap\">\n        <p>M\u00f6chten auch Sie Ihre Immobilienakquise beschleunigen?<br>Erfahren Sie, wie Popety.io Sie unterst\u00fctzen kann!<\/p>    <\/div>\n<\/div>\n<!-- \/module text --><!-- module buttons -->\n<div  class=\"module module-buttons tb_63xb279 buttons-horizontal solid  small circle\" data-lazy=\"1\">\n        <div class=\"module-buttons-item tf_in_flx\">\n                        <a href=\"https:\/\/sandbox.popety.io\/de\/demo-buchen\/\" class=\"ui builder_button tf_in_flx tb_default_color\" >\n                                                Demo Buchen                                        <\/a>\n                <\/div>\n            <\/div>\n<!-- \/module buttons -->\n        <\/div>\n                        <\/div>\n        <\/div>\n                        <div  data-lazy=\"1\" class=\"module_row themify_builder_row tb_pvb1428 tf_w\">\n                        <div class=\"row_inner col_align_top tb_col_count_1 tf_box tf_rel\">\n                        <div  data-lazy=\"1\" class=\"module_column tb-column col-full tb_3n4o428 first\">\n                    <!-- module text -->\n<div  class=\"module module-text tb_hf8y428   \" data-lazy=\"1\">\n        <div  class=\"tb_text_wrap\">\n        <p>Sie beschleunigen ihre Akquisitionen und Analysen<\/p>    <\/div>\n<\/div>\n<!-- \/module text --><!-- module divider -->\n<div  class=\"module tf_mw module-divider tb_xkth428 solid   \" style=\"border-width: 0.5px;border-color: #00283a;margin-top: 30px;margin-bottom: 30px;\" data-lazy=\"1\">\n    <\/div>\n<!-- \/module divider -->\n<div  class=\"module themify_builder_slider_wrap tf_clearfix module-slider tb_95f9428  slider-default  \" data-lazy=\"1\">\n        <div class=\"themify_builder_slider tf_carousel tf_swiper-container tf_rel tf_overflow\" data-lazy=\"1\"        data-visible=\"3\"\n        data-tab-visible=\"1\"\n        data-mob-visible=\"1\"\n        data-scroll=\"1\"\n                            data-auto=\"3000\"\n            data-controller=\"0\"\n            data-pause_hover=\"1\"\n                data-speed=\"1\"\n        data-wrapvar=\"1\"\n        data-slider_nav=\"0\"\n        data-pager=\"0\"\n        data-effect=\"scroll\" \n        data-height=\"variable\"\n        data-css_url=\"https:\/\/sandbox.popety.io\/wp-content\/themes\/themify-ultra\/themify\/themify-builder\/css\/modules\/sliders\/carousel,https:\/\/sandbox.popety.io\/wp-content\/themes\/themify-ultra\/themify\/themify-builder\/css\/modules\/sliders\/slider\"\n                    >\n        <div class=\"tf_swiper-wrapper tf_lazy tf_rel tf_w tf_h tf_textc\">\n                         <div class=\"tf_swiper-slide\">            <div class=\"slide-inner-wrap\">\n                                    <div class=\"tf_rel tf_lazy slide-image\">\n                                                                            <img src=\"data:image\/svg+xml,%3Csvg%20xmlns=%27http:\/\/www.w3.org\/2000\/svg%27%20width='300'%20height='100'%20viewBox=%270%200%20300%20100%27%3E%3C\/svg%3E\" loading=\"lazy\" data-lazy=\"1\" data-tf-not-load=\"1\" class=\"tf_svg_lazy\" decoding=\"async\" data-tf-src=\"http:\/\/sandbox.popety.io\/wp-content\/uploads\/2025\/02\/bvk.jpg\" width=\"200\" height=\"100\" title=\"Finanzinstitutionen\" alt=\"Finanzinstitutionen\"><noscript><img loading=\"lazy\" decoding=\"async\" data-tf-not-load data-no-script src=\"http:\/\/sandbox.popety.io\/wp-content\/uploads\/2025\/02\/bvk.jpg\" width=\"200\" height=\"100\" title=\"Finanzinstitutionen\" alt=\"Finanzinstitutionen\"><\/noscript>                                            <\/div>\n                \n                            <\/div>\n        <\/div>                     <div class=\"tf_swiper-slide\">            <div class=\"slide-inner-wrap\">\n                                    <div class=\"tf_rel tf_lazy slide-image\">\n                                                                            <img src=\"data:image\/svg+xml,%3Csvg%20xmlns=%27http:\/\/www.w3.org\/2000\/svg%27%20width='300'%20height='100'%20viewBox=%270%200%20300%20100%27%3E%3C\/svg%3E\" loading=\"lazy\" data-lazy=\"1\" data-tf-not-load=\"1\" class=\"tf_svg_lazy\" decoding=\"async\" data-tf-src=\"http:\/\/sandbox.popety.io\/wp-content\/uploads\/2025\/02\/pk-sbb.jpg\" width=\"200\" height=\"100\" title=\"Finanzinstitutionen\" alt=\"Finanzinstitutionen\"><noscript><img loading=\"lazy\" decoding=\"async\" data-tf-not-load data-no-script src=\"http:\/\/sandbox.popety.io\/wp-content\/uploads\/2025\/02\/pk-sbb.jpg\" width=\"200\" height=\"100\" title=\"Finanzinstitutionen\" alt=\"Finanzinstitutionen\"><\/noscript>                                            <\/div>\n                \n                            <\/div>\n        <\/div>                     <div class=\"tf_swiper-slide\">            <div class=\"slide-inner-wrap\">\n                                    <div class=\"tf_rel tf_lazy slide-image\">\n                                                                            <img src=\"data:image\/svg+xml,%3Csvg%20xmlns=%27http:\/\/www.w3.org\/2000\/svg%27%20width='300'%20height='100'%20viewBox=%270%200%20300%20100%27%3E%3C\/svg%3E\" loading=\"lazy\" data-lazy=\"1\" data-tf-not-load=\"1\" class=\"tf_svg_lazy\" decoding=\"async\" data-tf-src=\"http:\/\/sandbox.popety.io\/wp-content\/uploads\/2025\/02\/lien.jpg\" width=\"200\" height=\"100\" title=\"Finanzinstitutionen\" alt=\"Finanzinstitutionen\"><noscript><img loading=\"lazy\" decoding=\"async\" data-tf-not-load data-no-script src=\"http:\/\/sandbox.popety.io\/wp-content\/uploads\/2025\/02\/lien.jpg\" width=\"200\" height=\"100\" title=\"Finanzinstitutionen\" alt=\"Finanzinstitutionen\"><\/noscript>                                            <\/div>\n                \n                            <\/div>\n        <\/div>            <\/div>\n    <\/div>\n<\/div>\n        <\/div>\n                        <\/div>\n        <\/div>\n                        <div  data-lazy=\"1\" class=\"module_row themify_builder_row tb_iv10940 tf_w\">\n                        <div class=\"row_inner col_align_top tb_col_count_1 tf_box tf_rel\">\n                        <div  data-lazy=\"1\" class=\"module_column tb-column col-full tb_degc940 first\">\n                    <!-- module template_part -->\n<div  class=\"module module-layout-part tb_rs9u840 \">\n    <div class=\"tb_layout_part_wrap tf_w\"><!--themify_builder_content-->\n    <div  class=\"themify_builder_content themify_builder_content-807 themify_builder not_editable_builder in_the_loop\" data-postid=\"807\">\n                        <div  data-lazy=\"1\" class=\"module_row themify_builder_row tb_ucan690 tf_w\">\n                        <div class=\"row_inner col_align_top tb_col_count_1 tf_box tf_rel\">\n                        <div  data-lazy=\"1\" class=\"module_column tb-column col-full tb_0dyw690 first\">\n                    <!-- module text -->\n<div  class=\"module module-text tb_sb8t690   \" data-lazy=\"1\">\n        <div  class=\"tb_text_wrap\">\n        <p><strong>Popety SA<\/strong><br \/>Real Estate Technology Company<br \/><a style=\"color: #00283a;\" href=\"tel:+41782058789\">+41 78 205 87 89<\/a><br \/><a style=\"color: #00283a;\" href=\"mailto:contact@popety.com\">contact@popety.com<\/a><\/p>    <\/div>\n<\/div>\n<!-- \/module text -->        <\/div>\n                        <\/div>\n        <\/div>\n            <\/div>\n<!--\/themify_builder_content--><\/div>\n<\/div>\n<!-- \/module template_part -->        <\/div>\n                        <\/div>\n        <\/div>\n        <\/div>\n<!--\/themify_builder_content-->","protected":false},"excerpt":{"rendered":"<p>Finanzen Bleiben Sie mit Ihren Kunden in Verbindung und beraten Sie sie effektiv, indem Sie den Bed\u00fcrfnissen Ihrer Kunden einen Schritt voraus sind. Die Modulef\u00fcr Sie Entdecken Sie &#8222;Dank Popety.io konnten wir zuverl\u00e4ssige und detaillierte Immobiliendaten in unsere Anlagestrategien integrieren und so unsere F\u00e4higkeit st\u00e4rken, unseren Kunden eine ma\u00dfgeschneiderte Beratung zu bieten.&#8222; Wie k\u00f6nnen Sie [&hellip;]<\/p>\n","protected":false},"author":1,"featured_media":0,"parent":1862,"menu_order":0,"comment_status":"closed","ping_status":"closed","template":"","meta":{"footnotes":""},"class_list":["post-1866","page","type-page","status-publish","hentry","has-post-title","has-post-date","has-post-category","has-post-tag","has-post-comment","has-post-author",""],"_links":{"self":[{"href":"https:\/\/sandbox.popety.io\/de\/wp-json\/wp\/v2\/pages\/1866","targetHints":{"allow":["GET"]}}],"collection":[{"href":"https:\/\/sandbox.popety.io\/de\/wp-json\/wp\/v2\/pages"}],"about":[{"href":"https:\/\/sandbox.popety.io\/de\/wp-json\/wp\/v2\/types\/page"}],"author":[{"embeddable":true,"href":"https:\/\/sandbox.popety.io\/de\/wp-json\/wp\/v2\/users\/1"}],"replies":[{"embeddable":true,"href":"https:\/\/sandbox.popety.io\/de\/wp-json\/wp\/v2\/comments?post=1866"}],"version-history":[{"count":89,"href":"https:\/\/sandbox.popety.io\/de\/wp-json\/wp\/v2\/pages\/1866\/revisions"}],"predecessor-version":[{"id":2845,"href":"https:\/\/sandbox.popety.io\/de\/wp-json\/wp\/v2\/pages\/1866\/revisions\/2845"}],"up":[{"embeddable":true,"href":"https:\/\/sandbox.popety.io\/de\/wp-json\/wp\/v2\/pages\/1862"}],"wp:attachment":[{"href":"https:\/\/sandbox.popety.io\/de\/wp-json\/wp\/v2\/media?parent=1866"}],"curies":[{"name":"wp","href":"https:\/\/api.w.org\/{rel}","templated":true}]}}