{"id":1870,"date":"2025-01-06T17:30:19","date_gmt":"2025-01-06T17:30:19","guid":{"rendered":"https:\/\/sandbox.popety.io\/partner\/"},"modified":"2025-02-22T22:28:57","modified_gmt":"2025-02-22T22:28:57","slug":"partner","status":"publish","type":"page","link":"https:\/\/sandbox.popety.io\/de\/partner\/","title":{"rendered":"Partner"},"content":{"rendered":"<!--themify_builder_content-->\n<div id=\"themify_builder_content-1870\" data-postid=\"1870\" class=\"themify_builder_content themify_builder_content-1870 themify_builder tf_clear\">\n                    <div  data-lazy=\"1\" class=\"module_row themify_builder_row tb_x6oh640 tb_first tf_w\">\n                        <div class=\"row_inner col_align_top tb_col_count_1 tf_box tf_rel\">\n                        <div  data-lazy=\"1\" class=\"module_column tb-column col-full tb_eo3m640 first\">\n                    <!-- module divider -->\n<div  class=\"module tf_mw module-divider tb_k91x640 solid   \" style=\"border-width: 0.5px;border-color: #00283a;\" data-lazy=\"1\">\n    <\/div>\n<!-- \/module divider -->\n        <\/div>\n                        <\/div>\n        <\/div>\n                        <div  data-lazy=\"1\" class=\"module_row themify_builder_row tb_n0od965 tf_w\">\n                        <div class=\"row_inner col_align_top tb_col_count_1 tf_box tf_rel\">\n                        <div  data-lazy=\"1\" class=\"module_column tb-column col-full tb_fia5965 first\">\n                    <!-- module text -->\n<div  class=\"module module-text tb_o6q5965   \" data-lazy=\"1\">\n        <div  class=\"tb_text_wrap\">\n        <h2>Unsere <span class=\"underline-style\">Partner<\/span><\/h2>    <\/div>\n<\/div>\n<!-- \/module text -->        <\/div>\n                        <\/div>\n        <\/div>\n                        <div  data-lazy=\"1\" class=\"module_row themify_builder_row tb_c8t399 tf_w\">\n                        <div class=\"row_inner col_align_top tb_col_count_2 tf_box tf_rel\">\n                        <div  data-lazy=\"1\" class=\"module_column tb-column col4-2 tb_mdza99 first\">\n                    <!-- module image -->\n<div  class=\"module module-image tb_jz2k930 image-top   tf_mw\" data-lazy=\"1\">\n        <div class=\"image-wrap tf_rel tf_mw\">\n            <a href=\"https:\/\/pricehubble.com\/\">\n                   <img loading=\"lazy\" decoding=\"async\" src=\"http:\/\/sandbox.popety.io\/wp-content\/uploads\/2025\/01\/princehubble.jpg\" width=\"150\" height=\"200\" title=\"Partner\" alt=\"Partner\">        <\/a>\n    \n        <\/div>\n    <!-- \/image-wrap -->\n    \n        <\/div>\n<!-- \/module image -->        <\/div>\n                    <div  data-lazy=\"1\" class=\"module_column tb-column col4-2 tb_dipc342 last\">\n                    <!-- module text -->\n<div  class=\"module module-text tb_shif135   \" data-lazy=\"1\">\n        <div  class=\"tb_text_wrap\">\n        <p>PriceHubble<\/p>    <\/div>\n<\/div>\n<!-- \/module text --><!-- module text -->\n<div  class=\"module module-text tb_xzsz170   \" data-lazy=\"1\">\n        <div  class=\"tb_text_wrap\">\n        <p class=\"p1\">Ein Unternehmen, das sich auf die Analyse von Immobiliendaten und digitale L\u00f6sungen spezialisiert hat und Werkzeuge f\u00fcr die Bewertung von Immobilien, Marktprognosen und Analysen f\u00fcr Fachleute in diesem Sektor anbietet.<\/p>    <\/div>\n<\/div>\n<!-- \/module text -->        <\/div>\n                        <\/div>\n        <\/div>\n                        <div  data-lazy=\"1\" class=\"module_row themify_builder_row tb_icn2666 tf_w\">\n                        <div class=\"row_inner col_align_top tb_col_count_2 tf_box tf_rel\">\n                        <div  data-lazy=\"1\" class=\"module_column tb-column col4-2 tb_00zs666 first\">\n                    <!-- module image -->\n<div  class=\"module module-image tb_ztz2666 image-top   tf_mw\" data-lazy=\"1\">\n        <div class=\"image-wrap tf_rel tf_mw\">\n            <a href=\"https:\/\/www.wuestpartner.com\/\">\n                   <img loading=\"lazy\" decoding=\"async\" src=\"http:\/\/sandbox.popety.io\/wp-content\/uploads\/2025\/01\/wuest.jpg\" width=\"150\" height=\"200\" title=\"Partner\" alt=\"Partner\">        <\/a>\n    \n        <\/div>\n    <!-- \/image-wrap -->\n    \n        <\/div>\n<!-- \/module image -->        <\/div>\n                    <div  data-lazy=\"1\" class=\"module_column tb-column col4-2 tb_vvbd666 last\">\n                    <!-- module text -->\n<div  class=\"module module-text tb_kdie487   \" data-lazy=\"1\">\n        <div  class=\"tb_text_wrap\">\n        <p class=\"p1\">W\u00fcest &amp; Partner<\/p>    <\/div>\n<\/div>\n<!-- \/module text --><!-- module text -->\n<div  class=\"module module-text tb_b9bg380   \" data-lazy=\"1\">\n        <div  class=\"tb_text_wrap\">\n        <p class=\"p1\">Ein Schweizer Immobilienberatungsunternehmen, das f\u00fcr seine Expertise in den Bereichen Bewertung, Marktanalyse, Strategie und Immobilienentwicklung bekannt ist.<\/p>\n    <\/div>\n<\/div>\n<!-- \/module text -->        <\/div>\n                        <\/div>\n        <\/div>\n                        <div  data-lazy=\"1\" class=\"module_row themify_builder_row tb_qjwb215 tf_w\">\n                        <div class=\"row_inner col_align_top tb_col_count_2 tf_box tf_rel\">\n                        <div  data-lazy=\"1\" class=\"module_column tb-column col4-2 tb_011s215 first\">\n                    <!-- module image -->\n<div  class=\"module module-image tb_fe78215 image-top   tf_mw\" data-lazy=\"1\">\n        <div class=\"image-wrap tf_rel tf_mw\">\n            <a href=\"https:\/\/sparrow.city\/\">\n                   <img loading=\"lazy\" decoding=\"async\" src=\"http:\/\/sandbox.popety.io\/wp-content\/uploads\/2025\/01\/sparrow.jpg\" width=\"150\" height=\"200\" title=\"Partner\" alt=\"Partner\">        <\/a>\n    \n        <\/div>\n    <!-- \/image-wrap -->\n    \n        <\/div>\n<!-- \/module image -->        <\/div>\n                    <div  data-lazy=\"1\" class=\"module_column tb-column col4-2 tb_lcht215 last\">\n                    <!-- module text -->\n<div  class=\"module module-text tb_82rp343   \" data-lazy=\"1\">\n        <div  class=\"tb_text_wrap\">\n        <p class=\"p1\">Sparrow.city<\/p>    <\/div>\n<\/div>\n<!-- \/module text --><!-- module text -->\n<div  class=\"module module-text tb_8tdw707   \" data-lazy=\"1\">\n        <div  class=\"tb_text_wrap\">\n        <p class=\"p1\">Eine digitale Plattform, die Fachleute und Unternehmen im Immobilienbereich miteinander verbindet und die Zusammenarbeit und innovative Projekte im st\u00e4dtischen Raum erleichtert.<\/p>\n    <\/div>\n<\/div>\n<!-- \/module text -->        <\/div>\n                        <\/div>\n        <\/div>\n                        <div  data-lazy=\"1\" class=\"module_row themify_builder_row tb_owe8430 tf_w\">\n                        <div class=\"row_inner col_align_top tb_col_count_2 tf_box tf_rel\">\n                        <div  data-lazy=\"1\" class=\"module_column tb-column col4-2 tb_bhqr430 first\">\n                    <!-- module image -->\n<div  class=\"module module-image tb_btzx430 image-top   tf_mw\" data-lazy=\"1\">\n        <div class=\"image-wrap tf_rel tf_mw\">\n            <a href=\"https:\/\/www.innosuisse.admin.ch\/fr\">\n                   <img loading=\"lazy\" decoding=\"async\" src=\"http:\/\/sandbox.popety.io\/wp-content\/uploads\/2025\/01\/innosuisse.jpg\" width=\"150\" height=\"200\" title=\"Partner\" alt=\"Partner\">        <\/a>\n    \n        <\/div>\n    <!-- \/image-wrap -->\n    \n        <\/div>\n<!-- \/module image -->        <\/div>\n                    <div  data-lazy=\"1\" class=\"module_column tb-column col4-2 tb_w643430 last\">\n                    <!-- module text -->\n<div  class=\"module module-text tb_1bqi859   \" data-lazy=\"1\">\n        <div  class=\"tb_text_wrap\">\n        <p class=\"p1\">InnoSuisse<\/p>    <\/div>\n<\/div>\n<!-- \/module text --><!-- module text -->\n<div  class=\"module module-text tb_darl22   \" data-lazy=\"1\">\n        <div  class=\"tb_text_wrap\">\n        <p class=\"p1\">Die Schweizer Agentur f\u00fcr Innovation, die innovative Projekte finanziell und strategisch unterst\u00fctzt, indem sie Start-ups, Unternehmen und Forschungsinstitute miteinander verbindet.<\/p>\n    <\/div>\n<\/div>\n<!-- \/module text -->        <\/div>\n                        <\/div>\n        <\/div>\n                        <div  data-lazy=\"1\" class=\"module_row themify_builder_row tb_xqsr26 tf_w\">\n                        <div class=\"row_inner col_align_top tb_col_count_2 tf_box tf_rel\">\n                        <div  data-lazy=\"1\" class=\"module_column tb-column col4-2 tb_w3y526 first\">\n                    <!-- module image -->\n<div  class=\"module module-image tb_bzvc26 image-top   tf_mw\" data-lazy=\"1\">\n        <div class=\"image-wrap tf_rel tf_mw\">\n            <a href=\"https:\/\/www.swissproptech.ch\/\">\n                   <img loading=\"lazy\" decoding=\"async\" src=\"http:\/\/sandbox.popety.io\/wp-content\/uploads\/2025\/01\/swissproptech.jpg\" width=\"150\" height=\"200\" title=\"Partner\" alt=\"Partner\">        <\/a>\n    \n        <\/div>\n    <!-- \/image-wrap -->\n    \n        <\/div>\n<!-- \/module image -->        <\/div>\n                    <div  data-lazy=\"1\" class=\"module_column tb-column col4-2 tb_439e26 last\">\n                    <!-- module text -->\n<div  class=\"module module-text tb_z0mh593   \" data-lazy=\"1\">\n        <div  class=\"tb_text_wrap\">\n        <p class=\"p1\">SwissPropTech<\/p>    <\/div>\n<\/div>\n<!-- \/module text --><!-- module text -->\n<div  class=\"module module-text tb_tvj3521   \" data-lazy=\"1\">\n        <div  class=\"tb_text_wrap\">\n        <p class=\"p1\">Ein Verband, der die Schweizer PropTech-Akteure vereint und Innovation und neue<br>Technologien in der Immobilien- und Baubranche f\u00f6rdert.<\/p>\n    <\/div>\n<\/div>\n<!-- \/module text -->        <\/div>\n                        <\/div>\n        <\/div>\n                        <div  data-lazy=\"1\" class=\"module_row themify_builder_row tb_76pt541 tf_w\">\n                        <div class=\"row_inner col_align_top tb_col_count_2 tf_box tf_rel\">\n                        <div  data-lazy=\"1\" class=\"module_column tb-column col4-2 tb_yfyl541 first\">\n                    <!-- module image -->\n<div  class=\"module module-image tb_j9t9541 image-top   tf_mw\" data-lazy=\"1\">\n        <div class=\"image-wrap tf_rel tf_mw\">\n            <a href=\"https:\/\/rem-events.ch\/rent-swiss\/\">\n                   <img loading=\"lazy\" decoding=\"async\" src=\"http:\/\/sandbox.popety.io\/wp-content\/uploads\/2025\/01\/rem.jpg\" width=\"60\" height=\"200\" title=\"Partner\" alt=\"Partner\">        <\/a>\n    \n        <\/div>\n    <!-- \/image-wrap -->\n    \n        <\/div>\n<!-- \/module image -->        <\/div>\n                    <div  data-lazy=\"1\" class=\"module_column tb-column col4-2 tb_lpat541 last\">\n                    <!-- module text -->\n<div  class=\"module module-text tb_fwt6626   \" data-lazy=\"1\">\n        <div  class=\"tb_text_wrap\">\n        <p class=\"p1\">REM Real Estate Meeting<\/p>    <\/div>\n<\/div>\n<!-- \/module text --><!-- module text -->\n<div  class=\"module module-text tb_xnrt382   \" data-lazy=\"1\">\n        <div  class=\"tb_text_wrap\">\n        <p class=\"p1\">Eine Schweizer Veranstaltung f\u00fcr Immobilienfachleute, die den Austausch, die Ausbildung<br>und die Zusammenarbeit zwischen den Akteuren des Sektors f\u00f6rdert.<\/p>\n    <\/div>\n<\/div>\n<!-- \/module text -->        <\/div>\n                        <\/div>\n        <\/div>\n                        <div  data-lazy=\"1\" class=\"module_row themify_builder_row tb_jiw4124 tf_w\">\n                        <div class=\"row_inner col_align_top tb_col_count_2 tf_box tf_rel\">\n                        <div  data-lazy=\"1\" class=\"module_column tb-column col4-2 tb_z1qd124 first\">\n                    <!-- module image -->\n<div  class=\"module module-image tb_ykxx124 image-top   tf_mw\" data-lazy=\"1\">\n        <div class=\"image-wrap tf_rel tf_mw\">\n            <a href=\"https:\/\/uspi.ch\/\">\n                   <img loading=\"lazy\" decoding=\"async\" src=\"http:\/\/sandbox.popety.io\/wp-content\/uploads\/2025\/01\/uspi.jpg\" width=\"150\" height=\"200\" title=\"Partner\" alt=\"Partner\">        <\/a>\n    \n        <\/div>\n    <!-- \/image-wrap -->\n    \n        <\/div>\n<!-- \/module image -->        <\/div>\n                    <div  data-lazy=\"1\" class=\"module_column tb-column col4-2 tb_aqhh124 last\">\n                    <!-- module text -->\n<div  class=\"module module-text tb_mk21847   \" data-lazy=\"1\">\n        <div  class=\"tb_text_wrap\">\n        <p class=\"p1\">USPI<\/p>    <\/div>\n<\/div>\n<!-- \/module text --><!-- module text -->\n<div  class=\"module module-text tb_9m0q647   \" data-lazy=\"1\">\n        <div  class=\"tb_text_wrap\">\n        <p class=\"p1\">Der Schweizer Verband der Immobilienfachleute, eine Organisation, die Immobilienexperten zusammenbringt und Dienstleistungen in den Bereichen Ausbildung, Zertifizierung und Interessenvertretung anbietet.<\/p>\n    <\/div>\n<\/div>\n<!-- \/module text -->        <\/div>\n                        <\/div>\n        <\/div>\n                        <div  data-lazy=\"1\" class=\"module_row themify_builder_row tb_wpqz744 tf_w\">\n                        <div class=\"row_inner col_align_top tb_col_count_2 tf_box tf_rel\">\n                        <div  data-lazy=\"1\" class=\"module_column tb-column col4-2 tb_0z0n744 first\">\n                    <!-- module image -->\n<div  class=\"module module-image tb_uwfj744 image-top   tf_mw\" data-lazy=\"1\">\n        <div class=\"image-wrap tf_rel tf_mw\">\n            <a href=\"https:\/\/www.linkedin.com\/company\/swissreseau-sa\/\">\n                   <img loading=\"lazy\" decoding=\"async\" src=\"http:\/\/sandbox.popety.io\/wp-content\/uploads\/2025\/01\/swissreseau.jpg\" width=\"150\" height=\"200\" title=\"Partner\" alt=\"Partner\">        <\/a>\n    \n        <\/div>\n    <!-- \/image-wrap -->\n    \n        <\/div>\n<!-- \/module image -->        <\/div>\n                    <div  data-lazy=\"1\" class=\"module_column tb-column col4-2 tb_dwuu744 last\">\n                    <!-- module text -->\n<div  class=\"module module-text tb_emn2139   \" data-lazy=\"1\">\n        <div  class=\"tb_text_wrap\">\n        <p class=\"p1\">SwissR\u00e9seau<\/p>    <\/div>\n<\/div>\n<!-- \/module text --><!-- module text -->\n<div  class=\"module module-text tb_rktj729   \" data-lazy=\"1\">\n        <div  class=\"tb_text_wrap\">\n        <p class=\"p1\">Ein professionelles Schweizer Netzwerk, das sich darauf konzentriert, die Akteure der Immobilienbranche zusammenzubringen und<br>Kooperationsm\u00f6glichkeiten innerhalb des Immobilien-\u00d6kosystems zu schaffen.<\/p>\n    <\/div>\n<\/div>\n<!-- \/module text -->        <\/div>\n                        <\/div>\n        <\/div>\n                        <div  data-lazy=\"1\" class=\"module_row themify_builder_row tb_jnxx945 tf_w\">\n                        <div class=\"row_inner col_align_top tb_col_count_1 tf_box tf_rel\">\n                        <div  data-lazy=\"1\" class=\"module_column tb-column col-full tb_gyox945 first\">\n                    <!-- module template_part -->\n<div  class=\"module module-layout-part tb_axvj973 \">\n    <div class=\"tb_layout_part_wrap tf_w\"><!--themify_builder_content-->\n    <div  class=\"themify_builder_content themify_builder_content-807 themify_builder not_editable_builder in_the_loop\" data-postid=\"807\">\n                        <div  data-lazy=\"1\" class=\"module_row themify_builder_row tb_ucan690 tf_w\">\n                        <div class=\"row_inner col_align_top tb_col_count_1 tf_box tf_rel\">\n                        <div  data-lazy=\"1\" class=\"module_column tb-column col-full tb_0dyw690 first\">\n                    <!-- module text -->\n<div  class=\"module module-text tb_sb8t690   \" data-lazy=\"1\">\n        <div  class=\"tb_text_wrap\">\n        <p><strong>Popety SA<\/strong><br \/>Real Estate Technology Company<br \/><a style=\"color: #00283a;\" href=\"tel:+41782058789\">+41 78 205 87 89<\/a><br \/><a style=\"color: #00283a;\" href=\"mailto:contact@popety.com\">contact@popety.com<\/a><\/p>    <\/div>\n<\/div>\n<!-- \/module text -->        <\/div>\n                        <\/div>\n        <\/div>\n            <\/div>\n<!--\/themify_builder_content--><\/div>\n<\/div>\n<!-- \/module template_part -->        <\/div>\n                        <\/div>\n        <\/div>\n        <\/div>\n<!--\/themify_builder_content-->","protected":false},"excerpt":{"rendered":"<p>Unsere Partner PriceHubble Ein Unternehmen, das sich auf die Analyse von Immobiliendaten und digitale L\u00f6sungen spezialisiert hat und Werkzeuge f\u00fcr die Bewertung von Immobilien, Marktprognosen und Analysen f\u00fcr Fachleute in diesem Sektor anbietet. W\u00fcest &amp; Partner Ein Schweizer Immobilienberatungsunternehmen, das f\u00fcr seine Expertise in den Bereichen Bewertung, Marktanalyse, Strategie und Immobilienentwicklung bekannt ist. Sparrow.city Eine [&hellip;]<\/p>\n","protected":false},"author":1,"featured_media":0,"parent":0,"menu_order":0,"comment_status":"closed","ping_status":"closed","template":"","meta":{"footnotes":""},"class_list":["post-1870","page","type-page","status-publish","hentry","has-post-title","has-post-date","has-post-category","has-post-tag","has-post-comment","has-post-author",""],"_links":{"self":[{"href":"https:\/\/sandbox.popety.io\/de\/wp-json\/wp\/v2\/pages\/1870","targetHints":{"allow":["GET"]}}],"collection":[{"href":"https:\/\/sandbox.popety.io\/de\/wp-json\/wp\/v2\/pages"}],"about":[{"href":"https:\/\/sandbox.popety.io\/de\/wp-json\/wp\/v2\/types\/page"}],"author":[{"embeddable":true,"href":"https:\/\/sandbox.popety.io\/de\/wp-json\/wp\/v2\/users\/1"}],"replies":[{"embeddable":true,"href":"https:\/\/sandbox.popety.io\/de\/wp-json\/wp\/v2\/comments?post=1870"}],"version-history":[{"count":1,"href":"https:\/\/sandbox.popety.io\/de\/wp-json\/wp\/v2\/pages\/1870\/revisions"}],"predecessor-version":[{"id":1871,"href":"https:\/\/sandbox.popety.io\/de\/wp-json\/wp\/v2\/pages\/1870\/revisions\/1871"}],"wp:attachment":[{"href":"https:\/\/sandbox.popety.io\/de\/wp-json\/wp\/v2\/media?parent=1870"}],"curies":[{"name":"wp","href":"https:\/\/api.w.org\/{rel}","templated":true}]}}