{"id":1877,"date":"2025-01-06T17:30:11","date_gmt":"2025-01-06T17:30:11","guid":{"rendered":"https:\/\/sandbox.popety.io\/loesungen\/"},"modified":"2025-03-27T13:03:13","modified_gmt":"2025-03-27T13:03:13","slug":"loesungen","status":"publish","type":"page","link":"https:\/\/sandbox.popety.io\/de\/loesungen\/","title":{"rendered":"L\u00f6sungen"},"content":{"rendered":"<!--themify_builder_content-->\n<div id=\"themify_builder_content-1877\" data-postid=\"1877\" class=\"themify_builder_content themify_builder_content-1877 themify_builder tf_clear\">\n                    <div  data-lazy=\"1\" class=\"module_row themify_builder_row tb_qvq7955 tb_first tf_w\">\n                        <div class=\"row_inner col_align_top tb_col_count_1 tf_box tf_rel\">\n                        <div  data-lazy=\"1\" class=\"module_column tb-column col-full tb_q9rx955 first\">\n                    <!-- module divider -->\n<div  class=\"module tf_mw module-divider tb_dqsm955 solid   \" style=\"border-width: 0.5px;border-color: #00283a;\" data-lazy=\"1\">\n    <\/div>\n<!-- \/module divider -->\n        <\/div>\n                        <\/div>\n        <\/div>\n                        <div  data-lazy=\"1\" class=\"module_row themify_builder_row tb_z0ui33 tf_w\">\n                        <div class=\"row_inner col_align_top tb_col_count_1 tf_box tf_rel\">\n                        <div  data-lazy=\"1\" class=\"module_column tb-column col-full tb_jkaa33 first\">\n                    <!-- module text -->\n<div  class=\"module module-text tb_ccab33   \" data-lazy=\"1\">\n        <div  class=\"tb_text_wrap\">\n        <h2>Unsere <span class=\"underline-style\">Module<\/span><\/h2>    <\/div>\n<\/div>\n<!-- \/module text -->        <\/div>\n                        <\/div>\n        <\/div>\n                        <div  data-lazy=\"1\" class=\"module_row themify_builder_row tb_bt3z807 tf_w\">\n                        <div class=\"row_inner col_align_top gutter-narrow tb_col_count_3 tf_box tf_rel\">\n                        <div  data-lazy=\"1\" class=\"module_column tb-column col5-1 tb_u9iq807 first\">\n        <span class=\"builder_row_cover tf_abs\"><\/span>            <!-- module image -->\n<div  class=\"module module-image tb_co9l807 image-center   tf_mw\" data-lazy=\"1\">\n        <div class=\"image-wrap tf_rel tf_mw\">\n            <a href=\"https:\/\/sandbox.popety.io\/solutions\/analyse\/\">\n                   <img decoding=\"async\" src=\"http:\/\/sandbox.popety.io\/wp-content\/uploads\/2025\/01\/analyse-circle.svg\" width=\"200\" title=\"L\u00f6sungen\" alt=\"L\u00f6sungen\">        <\/a>\n    \n        <\/div>\n    <!-- \/image-wrap -->\n    \n        <\/div>\n<!-- \/module image --><!-- module text -->\n<div  class=\"module module-text tb_1381807   \" data-lazy=\"1\">\n        <div  class=\"tb_text_wrap\">\n        <p class=\"p2\" style=\"text-align: center;\">Identifiez facilement des<br>parcelles \u00e0 fort potentiel<br>pour vos futurs projets<\/p>    <\/div>\n<\/div>\n<!-- \/module text --><!-- module text -->\n<div  class=\"module module-text tb_5ovw807   \" data-lazy=\"1\">\n        <div  class=\"tb_text_wrap\">\n        <p style=\"text-align: center; line-height: 22px;\"><span style=\"color: #b35a4f;\">\u2714 <\/span>Identifiez rapidement le<br \/>\npotentiel de d\u00e9veloppement<br \/>\n<span style=\"color: #b35a4f;\">\u2714 <\/span>Des analyses pr\u00e9cises et<br \/>\ncompl\u00e8tes<br \/>\n<span style=\"color: #b35a4f;\">\u2714 <\/span>Collaborez de mani\u00e8re<br \/>\nefficace avec votre \u00e9quipe<\/p>\n    <\/div>\n<\/div>\n<!-- \/module text --><!-- module buttons -->\n<div  class=\"module module-buttons tb_olsc807 buttons-horizontal solid  small circle\" data-lazy=\"1\">\n        <div class=\"module-buttons-item tf_in_flx\">\n                        <a href=\"https:\/\/sandbox.popety.io\/reservez-une-demo\/\" class=\"ui builder_button tf_in_flx tb_default_color\" >\n                                                R\u00e9servez une d\u00e9mo                                        <\/a>\n                <\/div>\n            <\/div>\n<!-- \/module buttons -->\n<!-- module text -->\n<div  class=\"module module-text tb_0fvp807   \" data-lazy=\"1\">\n        <div  class=\"tb_text_wrap\">\n        <p style=\"text-align: center;\">Fait pour vous<br \/>qui \u00eates&#8230;<\/p>    <\/div>\n<\/div>\n<!-- \/module text --><!-- module text -->\n<div  class=\"module module-text tb_7aa0807   \" data-lazy=\"1\">\n        <div  class=\"tb_text_wrap\">\n        <p class=\"p1\" style=\"text-align: center;\">Agence immobili\u00e8re<br \/>Promoteur imobilier<br \/>Fonds d&#8217;investissement<br \/>Institut financier<\/p>    <\/div>\n<\/div>\n<!-- \/module text --><!-- module image -->\n<div  class=\"module module-image tb_r8et807 image-center   tf_mw\" data-lazy=\"1\">\n        <div class=\"image-wrap tf_rel tf_mw\">\n            <img decoding=\"async\" src=\"http:\/\/sandbox.popety.io\/wp-content\/uploads\/2025\/01\/promoteur.svg\" width=\"80\" title=\"L\u00f6sungen\" alt=\"L\u00f6sungen\">    \n        <\/div>\n    <!-- \/image-wrap -->\n    \n        <\/div>\n<!-- \/module image --><!-- module buttons -->\n<div  class=\"module module-buttons tb_efun807 buttons-horizontal solid  small circle\" data-lazy=\"1\">\n        <div class=\"module-buttons-item tf_in_flx\">\n                        <a href=\"https:\/\/sandbox.popety.io\/metiers\/promoteur-immobilier\/\" class=\"ui builder_button tf_in_flx tb_default_color\" >\n                                                T\u00e9moignage et \u00e9tude de cas                                        <\/a>\n                <\/div>\n            <\/div>\n<!-- \/module buttons -->\n        <\/div>\n                    <div  data-lazy=\"1\" class=\"module_column tb-column col3-1 tb_wfql807\">\n        <span class=\"builder_row_cover tf_abs\"><\/span>            <!-- module image -->\n<div  class=\"module module-image tb_vaqs807 image-center   tf_mw\" data-lazy=\"1\">\n        <div class=\"image-wrap tf_rel tf_mw\">\n            <a href=\"https:\/\/sandbox.popety.io\/solutions\/estimate\/\">\n                   <img decoding=\"async\" src=\"http:\/\/sandbox.popety.io\/wp-content\/uploads\/2025\/01\/estimate.svg\" width=\"200\" title=\"L\u00f6sungen\" alt=\"L\u00f6sungen\">        <\/a>\n    \n        <\/div>\n    <!-- \/image-wrap -->\n    \n        <\/div>\n<!-- \/module image --><!-- module text -->\n<div  class=\"module module-text tb_jbvf807   \" data-lazy=\"1\">\n        <div  class=\"tb_text_wrap\">\n        <p class=\"p2\" style=\"text-align: center;\">Cr\u00e9ez des estimations<br \/>qui refl\u00e8tent les tendances<br \/>du march\u00e9<\/p>    <\/div>\n<\/div>\n<!-- \/module text --><!-- module text -->\n<div  class=\"module module-text tb_fbvq807   \" data-lazy=\"1\">\n        <div  class=\"tb_text_wrap\">\n        <p style=\"text-align: center; line-height: 22px;\"><span style=\"color: #b35a4f;\">\u2714 <\/span> B\u00e9n\u00e9ficiez de plusieurs sources<br \/>d&#8217;estimation<br \/><span style=\"color: #b35a4f;\">\u2714 <\/span>Obtenez des tendances<br \/>de march\u00e9 fiables<br \/><span style=\"color: #b35a4f;\">\u2714 <\/span>Partagez les rapports<br \/>en PDF ou en site web<br \/>personnalisables<\/p>    <\/div>\n<\/div>\n<!-- \/module text --><!-- module buttons -->\n<div  class=\"module module-buttons tb_bxaf807 buttons-horizontal solid  small circle\" data-lazy=\"1\">\n        <div class=\"module-buttons-item tf_in_flx\">\n                        <a href=\"https:\/\/sandbox.popety.io\/reservez-une-demo\/\" class=\"ui builder_button tf_in_flx tb_default_color\" >\n                                                R\u00e9servez une d\u00e9mo                                        <\/a>\n                <\/div>\n            <\/div>\n<!-- \/module buttons -->\n<!-- module text -->\n<div  class=\"module module-text tb_wr8n807   \" data-lazy=\"1\">\n        <div  class=\"tb_text_wrap\">\n        <p style=\"text-align: center;\">Fait pour vous<br \/>qui \u00eates&#8230;<\/p>    <\/div>\n<\/div>\n<!-- \/module text --><!-- module text -->\n<div  class=\"module module-text tb_9v35807   \" data-lazy=\"1\">\n        <div  class=\"tb_text_wrap\">\n        <p class=\"p1\" style=\"text-align: center;\">Courtiers<br \/>Agence immobili\u00e8re<br \/>Institut financier<br \/>Promoteur immobilier<\/p>    <\/div>\n<\/div>\n<!-- \/module text --><!-- module image -->\n<div  class=\"module module-image tb_bpc1807 image-center   tf_mw\" data-lazy=\"1\">\n        <div class=\"image-wrap tf_rel tf_mw\">\n            <img decoding=\"async\" src=\"http:\/\/sandbox.popety.io\/wp-content\/uploads\/2025\/01\/finance.svg\" width=\"80\" title=\"L\u00f6sungen\" alt=\"L\u00f6sungen\">    \n        <\/div>\n    <!-- \/image-wrap -->\n    \n        <\/div>\n<!-- \/module image --><!-- module buttons -->\n<div  class=\"module module-buttons tb_6y4f807 buttons-horizontal solid  small circle\" data-lazy=\"1\">\n        <div class=\"module-buttons-item tf_in_flx\">\n                        <a href=\"https:\/\/sandbox.popety.io\/metiers\/finance\/\" class=\"ui builder_button tf_in_flx tb_default_color\" >\n                                                T\u00e9moignage et \u00e9tude de cas                                        <\/a>\n                <\/div>\n            <\/div>\n<!-- \/module buttons -->\n        <\/div>\n                    <div  data-lazy=\"1\" class=\"module_column tb-column col3-1 tb_vgnx807 last\">\n        <span class=\"builder_row_cover tf_abs\"><\/span>            <!-- module image -->\n<div  class=\"module module-image tb_tdz6807 image-center   tf_mw\" data-lazy=\"1\">\n        <div class=\"image-wrap tf_rel tf_mw\">\n            <a href=\"https:\/\/sandbox.popety.io\/solutions\/smart-lead\">\n                   <img decoding=\"async\" src=\"http:\/\/sandbox.popety.io\/wp-content\/uploads\/2025\/03\/smart_lead.svg\" width=\"200\" title=\"L\u00f6sungen\" alt=\"L\u00f6sungen\">        <\/a>\n    \n        <\/div>\n    <!-- \/image-wrap -->\n    \n        <\/div>\n<!-- \/module image --><!-- module text -->\n<div  class=\"module module-text tb_jgff807   \" data-lazy=\"1\">\n        <div  class=\"tb_text_wrap\">\n        <p class=\"p2\" style=\"text-align: center;\">Dynamisez votre<br \/>d\u00e9veloppement<br \/>commercial<\/p>    <\/div>\n<\/div>\n<!-- \/module text --><!-- module text -->\n<div  class=\"module module-text tb_4v5a807   \" data-lazy=\"1\">\n        <div  class=\"tb_text_wrap\">\n        <p style=\"text-align: center; line-height: 22px;\"><span style=\"color: #b35a4f;\">\u2714 <\/span> Lead generator install\u00e9<br \/>directement sur votre site,<br \/>via widget ou API<br \/><span style=\"color: #b35a4f;\">\u2714 <\/span>Suivez vos leads de leur<br \/>g\u00e9n\u00e9ration jusqu\u2019\u00e0 leur conversion<br \/><span style=\"color: #b35a4f;\">\u2714 <\/span>Capturez des prospects<br \/>qualifi\u00e9s en temps r\u00e9el<\/p>    <\/div>\n<\/div>\n<!-- \/module text --><!-- module buttons -->\n<div  class=\"module module-buttons tb_24f2807 buttons-horizontal solid  small circle\" data-lazy=\"1\">\n        <div class=\"module-buttons-item tf_in_flx\">\n                        <a href=\"https:\/\/sandbox.popety.io\/reservez-une-demo\/\" class=\"ui builder_button tf_in_flx tb_default_color\" >\n                                                R\u00e9servez une d\u00e9mo                                        <\/a>\n                <\/div>\n            <\/div>\n<!-- \/module buttons -->\n<!-- module text -->\n<div  class=\"module module-text tb_eqcp807   \" data-lazy=\"1\">\n        <div  class=\"tb_text_wrap\">\n        <p style=\"text-align: center;\">Fait pour vous<br \/>qui \u00eates&#8230;<\/p>    <\/div>\n<\/div>\n<!-- \/module text --><!-- module text -->\n<div  class=\"module module-text tb_xyad807   \" data-lazy=\"1\">\n        <div  class=\"tb_text_wrap\">\n        <p style=\"text-align: center; padding: 18px 0;\">Courtiers<br \/>Agence Immobili\u00e8re<\/p>    <\/div>\n<\/div>\n<!-- \/module text --><!-- module image -->\n<div  class=\"module module-image tb_oea7807 image-center   tf_mw\" data-lazy=\"1\">\n        <div class=\"image-wrap tf_rel tf_mw\">\n            <img decoding=\"async\" src=\"http:\/\/sandbox.popety.io\/wp-content\/uploads\/2025\/01\/enterprise.svg\" width=\"105\" title=\"L\u00f6sungen\" alt=\"L\u00f6sungen\">    \n        <\/div>\n    <!-- \/image-wrap -->\n    \n        <\/div>\n<!-- \/module image --><!-- module buttons -->\n<div  class=\"module module-buttons tb_9svh807 buttons-horizontal solid  small circle\" data-lazy=\"1\">\n        <div class=\"module-buttons-item tf_in_flx\">\n                        <a href=\"https:\/\/sandbox.popety.io\/metiers\/agence-immobiliere\/\" class=\"ui builder_button tf_in_flx tb_default_color\" >\n                                                T\u00e9moignage et \u00e9tude de cas                                        <\/a>\n                <\/div>\n            <\/div>\n<!-- \/module buttons -->\n        <\/div>\n                        <\/div>\n        <\/div>\n                        <div  data-lazy=\"1\" class=\"module_row themify_builder_row tb_pw9p508 tf_w\">\n            <span class=\"builder_row_cover tf_abs\"><\/span>            <div class=\"row_inner col_align_top tb_col_count_1 tf_box tf_rel\">\n                        <div  data-lazy=\"1\" class=\"module_column tb-column col-full tb_fk6l508 first\">\n                    <!-- module text -->\n<div  class=\"module module-text tb_66ud508   \" data-lazy=\"1\">\n        <div  class=\"tb_text_wrap\">\n        <p style=\"text-align: center;\">In jedem unserer Module enthalten<\/p>    <\/div>\n<\/div>\n<!-- \/module text -->        <\/div>\n                        <\/div>\n        <\/div>\n                        <div  data-lazy=\"1\" class=\"module_row themify_builder_row tb_hpdv537 tf_w\">\n            <span class=\"builder_row_cover tf_abs\"><\/span>            <div class=\"row_inner col_align_middle tb_col_count_3 tf_box tf_rel\">\n                        <div  data-lazy=\"1\" class=\"module_column tb-column col3-1 tb_5riv537 first\">\n                    <!-- module text -->\n<div  class=\"module module-text tb_d9x3537   \" data-lazy=\"1\">\n        <div  class=\"tb_text_wrap\">\n        <p class=\"p2\" style=\"text-align: center;\">Boosten Sie Ihre Mandate und<br>halten Sie Ihren Markt unter<br>\u00dcberwachung<\/p>    <\/div>\n<\/div>\n<!-- \/module text -->        <\/div>\n                    <div  data-lazy=\"1\" class=\"module_column tb-column col3-1 tb_udmn537\">\n                    <!-- module image -->\n<div  class=\"module module-image tb_i5vx537 image-center   tf_mw\" data-lazy=\"1\">\n        <div class=\"image-wrap tf_rel tf_mw\">\n            <a href=\"https:\/\/sandbox.popety.io\/solutions\/explore\/\">\n                   <img decoding=\"async\" src=\"http:\/\/sandbox.popety.io\/wp-content\/uploads\/2025\/01\/explore-circle.svg\" width=\"200\" title=\"L\u00f6sungen\" alt=\"L\u00f6sungen\">        <\/a>\n    \n        <\/div>\n    <!-- \/image-wrap -->\n    \n        <\/div>\n<!-- \/module image -->        <\/div>\n                    <div  data-lazy=\"1\" class=\"module_column tb-column col3-1 tb_g3dt537 last\">\n                    <!-- module text -->\n<div  class=\"module module-text tb_480v537   \" data-lazy=\"1\">\n        <div  class=\"tb_text_wrap\">\n        <p style=\"text-align: center;\"><span style=\"color: #b35a4f;\">\u2714 <\/span>Zugriff auf eine leistungsstarke Suchmaschine<br> \u2714 Erhalten Sie einen klaren Einblick in die Vergangenheit<br><span style=\"color: #b35a4f;\">\u2714 <\/span>Profitieren Sie von einer automatisierten Nachverfolgung.<\/p>    <\/div>\n<\/div>\n<!-- \/module text --><!-- module buttons -->\n<div  class=\"module module-buttons tb_rkwb537 buttons-horizontal solid  small circle\" data-lazy=\"1\">\n        <div class=\"module-buttons-item tf_in_flx\">\n                        <a href=\"https:\/\/sandbox.popety.io\/reservez-une-demo\/\" class=\"ui builder_button tf_in_flx tb_default_color\" >\n                                                Buchen Sie eine Demo                                        <\/a>\n                <\/div>\n            <\/div>\n<!-- \/module buttons -->\n        <\/div>\n                        <\/div>\n        <\/div>\n                        <div  data-lazy=\"1\" class=\"module_row themify_builder_row tb_15j8987 tf_w\">\n                        <div class=\"row_inner col_align_top tb_col_count_1 tf_box tf_rel\">\n                        <div  data-lazy=\"1\" class=\"module_column tb-column col-full tb_bp4y987 first\">\n                    <!-- module template_part -->\n<div  class=\"module module-layout-part tb_h6fl265 \">\n    <div class=\"tb_layout_part_wrap tf_w\"><!--themify_builder_content-->\n    <div  class=\"themify_builder_content themify_builder_content-807 themify_builder not_editable_builder in_the_loop\" data-postid=\"807\">\n                        <div  data-lazy=\"1\" class=\"module_row themify_builder_row tb_ucan690 tf_w\">\n                        <div class=\"row_inner col_align_top tb_col_count_1 tf_box tf_rel\">\n                        <div  data-lazy=\"1\" class=\"module_column tb-column col-full tb_0dyw690 first\">\n                    <!-- module text -->\n<div  class=\"module module-text tb_sb8t690   \" data-lazy=\"1\">\n        <div  class=\"tb_text_wrap\">\n        <p><strong>Popety SA<\/strong><br \/>Real Estate Technology Company<br \/><a style=\"color: #00283a;\" href=\"tel:+41782058789\">+41 78 205 87 89<\/a><br \/><a style=\"color: #00283a;\" href=\"mailto:contact@popety.com\">contact@popety.com<\/a><\/p>    <\/div>\n<\/div>\n<!-- \/module text -->        <\/div>\n                        <\/div>\n        <\/div>\n            <\/div>\n<!--\/themify_builder_content--><\/div>\n<\/div>\n<!-- \/module template_part -->        <\/div>\n                        <\/div>\n        <\/div>\n        <\/div>\n<!--\/themify_builder_content-->","protected":false},"excerpt":{"rendered":"<p>Unsere Module Identifiez facilement desparcelles \u00e0 fort potentielpour vos futurs projets \u2714 Identifiez rapidement le potentiel de d\u00e9veloppement \u2714 Des analyses pr\u00e9cises et compl\u00e8tes \u2714 Collaborez de mani\u00e8re efficace avec votre \u00e9quipe R\u00e9servez une d\u00e9mo Fait pour vousqui \u00eates&#8230; Agence immobili\u00e8rePromoteur imobilierFonds d&#8217;investissementInstitut financier T\u00e9moignage et \u00e9tude de cas Cr\u00e9ez des estimationsqui refl\u00e8tent les tendancesdu [&hellip;]<\/p>\n","protected":false},"author":1,"featured_media":0,"parent":0,"menu_order":0,"comment_status":"closed","ping_status":"closed","template":"","meta":{"footnotes":""},"class_list":["post-1877","page","type-page","status-publish","hentry","has-post-title","has-post-date","has-post-category","has-post-tag","has-post-comment","has-post-author",""],"_links":{"self":[{"href":"https:\/\/sandbox.popety.io\/de\/wp-json\/wp\/v2\/pages\/1877","targetHints":{"allow":["GET"]}}],"collection":[{"href":"https:\/\/sandbox.popety.io\/de\/wp-json\/wp\/v2\/pages"}],"about":[{"href":"https:\/\/sandbox.popety.io\/de\/wp-json\/wp\/v2\/types\/page"}],"author":[{"embeddable":true,"href":"https:\/\/sandbox.popety.io\/de\/wp-json\/wp\/v2\/users\/1"}],"replies":[{"embeddable":true,"href":"https:\/\/sandbox.popety.io\/de\/wp-json\/wp\/v2\/comments?post=1877"}],"version-history":[{"count":41,"href":"https:\/\/sandbox.popety.io\/de\/wp-json\/wp\/v2\/pages\/1877\/revisions"}],"predecessor-version":[{"id":2852,"href":"https:\/\/sandbox.popety.io\/de\/wp-json\/wp\/v2\/pages\/1877\/revisions\/2852"}],"wp:attachment":[{"href":"https:\/\/sandbox.popety.io\/de\/wp-json\/wp\/v2\/media?parent=1877"}],"curies":[{"name":"wp","href":"https:\/\/api.w.org\/{rel}","templated":true}]}}