{"id":1890,"date":"2025-01-22T15:23:34","date_gmt":"2025-01-22T15:23:34","guid":{"rendered":"https:\/\/sandbox.popety.io\/loesungen\/lead-generator\/"},"modified":"2025-03-26T15:13:25","modified_gmt":"2025-03-26T15:13:25","slug":"smart-lead","status":"publish","type":"page","link":"https:\/\/sandbox.popety.io\/de\/loesungen\/smart-lead\/","title":{"rendered":"Smart Lead"},"content":{"rendered":"<!--themify_builder_content-->\n<div id=\"themify_builder_content-1890\" data-postid=\"1890\" class=\"themify_builder_content themify_builder_content-1890 themify_builder tf_clear\">\n                    <div  data-lazy=\"1\" class=\"module_row themify_builder_row tb_roc742 tb_first tf_w\">\n                        <div class=\"row_inner col_align_middle gutter-narrow tb_col_count_2 tf_box tf_rel\">\n                        <div  data-lazy=\"1\" class=\"module_column tb-column col4-2 tb_e04n42 first\">\n                    <!-- module text -->\n<div  class=\"module module-text tb_dvkt42   \" data-lazy=\"1\">\n        <div  class=\"tb_text_wrap\">\n        <h1><span class=\"underline-style\">Smart<\/span> Lead<\/h1>    <\/div>\n<\/div>\n<!-- \/module text -->        <div  data-lazy=\"1\" class=\"module_subrow themify_builder_sub_row tf_w col_align_top tb_col_count_2 tb_jhe242\">\n                <div  data-lazy=\"1\" class=\"module_column sub_column col4-2 tb_k1m342 first\">\n                    <!-- module image -->\n<div  class=\"module module-image tb_z7lt42 image-top   tf_mw\" data-lazy=\"1\">\n        <div class=\"image-wrap tf_rel tf_mw\">\n            <img decoding=\"async\" src=\"http:\/\/sandbox.popety.io\/wp-content\/uploads\/2025\/03\/smart_lead.svg\" width=\"200\" title=\"Smart Lead\" alt=\"Smart Lead\">    \n        <\/div>\n    <!-- \/image-wrap -->\n    \n        <\/div>\n<!-- \/module image -->        <\/div>\n                    <div  data-lazy=\"1\" class=\"module_column sub_column col4-2 tb_ov5m42 last\">\n                    <!-- module text -->\n<div  class=\"module module-text tb_l82z42   \" data-lazy=\"1\">\n        <div  class=\"tb_text_wrap\">\n        <p>Erhalten Sie neue Verkaufsmandate durch Ihre Website<\/p>\n    <\/div>\n<\/div>\n<!-- \/module text --><!-- module text -->\n<div  class=\"module module-text tb_b8ic42   \" data-lazy=\"1\">\n        <div  class=\"tb_text_wrap\">\n        <p><span style=\"color: #b35a4f;\">\u2714<\/span> Schnelle Sch\u00e4tzung \u00fcber Ihre Website<\/p>\n<div><span style=\"color: #b35a4f;\">\u2714<\/span> Widget-Modul oder API<\/div>\n<div><span style=\"color: #b35a4f;\">\u2714<\/span> Einzigartige Tracking-Pipeline<\/div>    <\/div>\n<\/div>\n<!-- \/module text -->        <\/div>\n                    <\/div>\n                <\/div>\n                    <div  data-lazy=\"1\" class=\"module_column tb-column col4-2 tb_wqwb893 last\">\n        <span class=\"builder_row_cover tf_abs\"><\/span>            <!-- module text -->\n<div  class=\"module module-text tb_meqo893   \" data-lazy=\"1\">\n        <div  class=\"tb_text_wrap\">\n        <p style=\"text-align: center;\">F\u00fcr Sie gemacht, <br>die Sie&#8230;<\/p>    <\/div>\n<\/div>\n<!-- \/module text --><!-- module text -->\n<div  class=\"module module-text tb_2t3p893   \" data-lazy=\"1\">\n        <div  class=\"tb_text_wrap\">\n        <p style=\"text-align: center;\">Immobilienb\u00fcros<\/p>\n    <\/div>\n<\/div>\n<!-- \/module text --><!-- module image -->\n<div  class=\"module module-image tb_78d4893 image-center   tf_mw\" data-lazy=\"1\">\n        <div class=\"image-wrap tf_rel tf_mw\">\n            <img decoding=\"async\" src=\"http:\/\/sandbox.popety.io\/wp-content\/uploads\/2025\/01\/enterprise.svg\" width=\"100\" title=\"Smart Lead\" alt=\"Smart Lead\">    \n        <\/div>\n    <!-- \/image-wrap -->\n    \n        <\/div>\n<!-- \/module image --><!-- module buttons -->\n<div  class=\"module module-buttons tb_pig8893 buttons-horizontal solid  small circle\" data-lazy=\"1\">\n        <div class=\"module-buttons-item tf_in_flx\">\n                        <a href=\"https:\/\/sandbox.popety.io\/de\/branchen\/immobilien-agenturen\/\" class=\"ui builder_button tf_in_flx tb_default_color\" >\n                                                Erfahrungsbericht und Fallstudie                                        <\/a>\n                <\/div>\n            <\/div>\n<!-- \/module buttons -->\n        <\/div>\n                        <\/div>\n        <\/div>\n                        <div  data-css_id=\"seo7605\" data-lazy=\"1\" class=\"module_row themify_builder_row fullwidth_row_container tb_seo7605 tf_w\">\n                        <div class=\"row_inner col_align_top tb_col_count_1 tf_box tf_rel\">\n                        <div  data-lazy=\"1\" class=\"module_column tb-column col-full tb_278q605 first\">\n                    <!-- module text -->\n<div  class=\"module module-text tb_gjsm605   \" data-lazy=\"1\">\n        <div  class=\"tb_text_wrap\">\n        <p><em>&#8222;Mit dem Lead Generator kann unsere Website, die als Schaufenster genutzt wird, mehr Auftr\u00e4ge generieren. Der integrierte Immobiliensch\u00e4tzer macht es uns leicht, qualifizierte Leads zu erhalten und sie zu verfolgen. Ein gro\u00dfer Vorteil f\u00fcr unsere Agentur!&#8220;<\/em><\/p>    <\/div>\n<\/div>\n<!-- \/module text -->        <\/div>\n                        <\/div>\n        <\/div>\n                        <div  data-lazy=\"1\" class=\"module_row themify_builder_row tb_fosm233 tf_w\">\n                        <div class=\"row_inner col_align_top tb_col_count_1 tf_box tf_rel\">\n                        <div  data-lazy=\"1\" class=\"module_column tb-column col-full tb_7vl1233 first\">\n                    <!-- module text -->\n<div  class=\"module module-text tb_ju9w233   \" data-lazy=\"1\">\n        <div  class=\"tb_text_wrap\">\n        <h2>Mit <span class=\"underline-style\">Smart Lead<\/span> profitieren Sie von der&#8230;<\/h2>    <\/div>\n<\/div>\n<!-- \/module text -->        <div  data-lazy=\"1\" class=\"module_subrow themify_builder_sub_row tf_w col_align_middle gutter-narrow tb_col_count_2 tb_g1jg63\">\n                <div  data-lazy=\"1\" class=\"module_column sub_column col4-2 tb_te6f63 first\">\n                    <!-- module text -->\n<div  class=\"module module-text tb_f6bs233   \" data-lazy=\"1\">\n        <div  class=\"tb_text_wrap\">\n        <p><span style=\"color: #b35a4f;\">\u2714<\/span> Mehr Verkaufsmandate<br \/><span style=\"color: #b35a4f;\">\u2714<\/span> Gewinnung und Pflege von Eigent\u00fcmern<br \/><span style=\"color: #b35a4f;\">\u2714<\/span> Zugriff auf ein zentrales CRM \u00fcber Ihr Popety.io-Konto<br \/><span style=\"color: #b35a4f;\">\u2714<\/span> Anpassbarerintegration<\/p>    <\/div>\n<\/div>\n<!-- \/module text -->        <\/div>\n                    <div  data-lazy=\"1\" class=\"module_column sub_column col4-2 tb_fwir63 last\">\n                    <!-- module image pro -->\n<div  class=\"module module-pro-image tb_vhux63 filter- effect-zoomin fullwidth_image rounded tf_textc   entrance-effect-fadeIn\" data-lazy=\"1\" data-entrance-effect=\"fadeIn\" data-exit-effect=\"fadeOut\" >\n\t\n    <div class=\"image-pro-wrap tf_rel tf_overflow tf_inline_b\">\n\t\t\t\t\t<a class=\"image-pro-external themify_lightbox tf_abs tf_w tf_h\" href=\"http:\/\/sandbox.popety.io\/wp-content\/uploads\/2025\/02\/Lead-Gen-1.png\" ><span class=\"screen-reader-text\">Link<\/span><\/a>\n\t\t   \t\t<div class=\"image-pro-flip-box-wrap tf_rel tf_w tf_overflow\">\n\t\t\t<div class=\"image-pro-flip-box tf_rel\">\n\n\t\t\t\t<img loading=\"lazy\" decoding=\"async\" src=\"http:\/\/sandbox.popety.io\/wp-content\/uploads\/2025\/02\/Lead-Gen-1.png\" width=\"2560\" height=\"1592\" title=\"Smart Lead\" alt=\"Smart Lead\">\n\t\t\t\t\t\t\t\t\t<div class=\"image-pro-overlay tf_hidden tf_abs\">\n\n\t\t\t\t\t\t\t\t\t\t\t\t\t<div class=\"image-pro-color-overlay tf_abs\" style=\"background-color:rgba(179,90,79, 0.4)\"><\/div>\n\t\t\t\t\t\t\n\t\t\t\t\t\t<div class=\"image-pro-overlay-inner\">\n\n\t\t\t\t\t\t\t\n\t\t\t\t\t\t\t\n\t\t\t\t\t\t\t\t\t\t\t\t\t\t\t<a class=\"ui image-pro-entity builder_button image-pro-action-button transparent themify_lightbox\" href=\"http:\/\/sandbox.popety.io\/wp-content\/uploads\/2025\/02\/Lead-Gen-1.png\" >\n\t\t\t\t\t\t\t\t\t   +\t\t\t\t\t\t\t\t<\/a>\n\t\t\t\t\t\t\t\n\t\t\t\t\t\t<\/div>\n\t\t\t\t\t<\/div><!-- .image-pro-overlay -->\n\t\t\t\t\n\t\t\t<\/div>\n\t\t<\/div>\n\n    <\/div><!-- .image-pro-wrap -->\n\n\t\n\t\n\t<\/div><!-- \/module image pro -->        <\/div>\n                    <\/div>\n        <!-- module text -->\n<div  class=\"module module-text tb_rini233   \" data-lazy=\"1\">\n        <div  class=\"tb_text_wrap\">\n        <p>M\u00f6chten Sie auch mehr Mandate erhalten?&nbsp;<\/p>\n<div>Finden Sie heraus, wie Popety.io Sie unterst\u00fctzen kann!<\/div>\n    <\/div>\n<\/div>\n<!-- \/module text --><!-- module buttons -->\n<div  class=\"module module-buttons tb_6g2u827 buttons-horizontal solid  small circle\" data-lazy=\"1\">\n        <div class=\"module-buttons-item tf_in_flx\">\n                        <a href=\"https:\/\/sandbox.popety.io\/de\/demo-buchen\" class=\"ui builder_button tf_in_flx tb_default_color\" >\n                                                Demo Buchen                                        <\/a>\n                <\/div>\n            <\/div>\n<!-- \/module buttons -->\n        <\/div>\n                        <\/div>\n        <\/div>\n                        <div  data-lazy=\"1\" class=\"module_row themify_builder_row tb_qvno853 tf_w\">\n                        <div class=\"row_inner col_align_top tb_col_count_1 tf_box tf_rel\">\n                        <div  data-lazy=\"1\" class=\"module_column tb-column col-full tb_zzqg853 first\">\n                    <!-- module template_part -->\n<div  class=\"module module-layout-part tb_avob990 \">\n    <div class=\"tb_layout_part_wrap tf_w\"><!--themify_builder_content-->\n    <div  class=\"themify_builder_content themify_builder_content-807 themify_builder not_editable_builder in_the_loop\" data-postid=\"807\">\n                        <div  data-lazy=\"1\" class=\"module_row themify_builder_row tb_ucan690 tf_w\">\n                        <div class=\"row_inner col_align_top tb_col_count_1 tf_box tf_rel\">\n                        <div  data-lazy=\"1\" class=\"module_column tb-column col-full tb_0dyw690 first\">\n                    <!-- module text -->\n<div  class=\"module module-text tb_sb8t690   \" data-lazy=\"1\">\n        <div  class=\"tb_text_wrap\">\n        <p><strong>Popety SA<\/strong><br \/>Real Estate Technology Company<br \/><a style=\"color: #00283a;\" href=\"tel:+41782058789\">+41 78 205 87 89<\/a><br \/><a style=\"color: #00283a;\" href=\"mailto:contact@popety.com\">contact@popety.com<\/a><\/p>    <\/div>\n<\/div>\n<!-- \/module text -->        <\/div>\n                        <\/div>\n        <\/div>\n            <\/div>\n<!--\/themify_builder_content--><\/div>\n<\/div>\n<!-- \/module template_part -->        <\/div>\n                        <\/div>\n        <\/div>\n        <\/div>\n<!--\/themify_builder_content-->","protected":false},"excerpt":{"rendered":"<p>Smart Lead Erhalten Sie neue Verkaufsmandate durch Ihre Website \u2714 Schnelle Sch\u00e4tzung \u00fcber Ihre Website \u2714 Widget-Modul oder API \u2714 Einzigartige Tracking-Pipeline F\u00fcr Sie gemacht, die Sie&#8230; Immobilienb\u00fcros Erfahrungsbericht und Fallstudie &#8222;Mit dem Lead Generator kann unsere Website, die als Schaufenster genutzt wird, mehr Auftr\u00e4ge generieren. Der integrierte Immobiliensch\u00e4tzer macht es uns leicht, qualifizierte Leads [&hellip;]<\/p>\n","protected":false},"author":1,"featured_media":0,"parent":1877,"menu_order":0,"comment_status":"closed","ping_status":"closed","template":"","meta":{"footnotes":""},"class_list":["post-1890","page","type-page","status-publish","hentry","has-post-title","has-post-date","has-post-category","has-post-tag","has-post-comment","has-post-author",""],"_links":{"self":[{"href":"https:\/\/sandbox.popety.io\/de\/wp-json\/wp\/v2\/pages\/1890","targetHints":{"allow":["GET"]}}],"collection":[{"href":"https:\/\/sandbox.popety.io\/de\/wp-json\/wp\/v2\/pages"}],"about":[{"href":"https:\/\/sandbox.popety.io\/de\/wp-json\/wp\/v2\/types\/page"}],"author":[{"embeddable":true,"href":"https:\/\/sandbox.popety.io\/de\/wp-json\/wp\/v2\/users\/1"}],"replies":[{"embeddable":true,"href":"https:\/\/sandbox.popety.io\/de\/wp-json\/wp\/v2\/comments?post=1890"}],"version-history":[{"count":36,"href":"https:\/\/sandbox.popety.io\/de\/wp-json\/wp\/v2\/pages\/1890\/revisions"}],"predecessor-version":[{"id":2843,"href":"https:\/\/sandbox.popety.io\/de\/wp-json\/wp\/v2\/pages\/1890\/revisions\/2843"}],"up":[{"embeddable":true,"href":"https:\/\/sandbox.popety.io\/de\/wp-json\/wp\/v2\/pages\/1877"}],"wp:attachment":[{"href":"https:\/\/sandbox.popety.io\/de\/wp-json\/wp\/v2\/media?parent=1890"}],"curies":[{"name":"wp","href":"https:\/\/api.w.org\/{rel}","templated":true}]}}